{"id":5212,"date":"2021-08-25T07:26:28","date_gmt":"2021-08-25T07:26:28","guid":{"rendered":"http:\/\/dummy.xtemos.com\/woodmart2\/?page_id=5212"},"modified":"2026-01-24T08:31:12","modified_gmt":"2026-01-24T08:31:12","slug":"about-us-3","status":"publish","type":"page","link":"https:\/\/elite-motoculture.com\/en\/about-us-3\/","title":{"rendered":"About us"},"content":{"rendered":"<div class=\"wpb-content-wrapper\"><div class=\"vc_row wpb_row vc_row-fluid vc_custom_1629877038080 row-reverse-mobile row-reverse-tablet wd-rs-6125f32826e3d\"><div class=\"wpb_column vc_column_container vc_col-sm-12 vc_col-lg-6 vc_col-md-6 wd-rs-6125f30edad72\"><div class=\"vc_column-inner vc_custom_1629877010833\"><div class=\"wpb_wrapper\">\t\t<div id=\"wd-69747f1005c9f\" class=\"wd-image wd-wpb wd-rs-69747f1005c9f text-left vc_custom_1769242465443\">\n\t\t\t\n\t\t\t<img loading=\"lazy\" decoding=\"async\" width=\"500\" height=\"501\" src=\"https:\/\/elite-motoculture.com\/wp-content\/uploads\/2026\/01\/remorque.jpg\" class=\"attachment-full size-full\" alt=\"\" srcset=\"https:\/\/elite-motoculture.com\/wp-content\/uploads\/2026\/01\/remorque.jpg 500w, https:\/\/elite-motoculture.com\/wp-content\/uploads\/2026\/01\/remorque-299x300.jpg 299w, https:\/\/elite-motoculture.com\/wp-content\/uploads\/2026\/01\/remorque-150x150.jpg 150w, https:\/\/elite-motoculture.com\/wp-content\/uploads\/2026\/01\/remorque-12x12.jpg 12w, https:\/\/elite-motoculture.com\/wp-content\/uploads\/2026\/01\/remorque-430x431.jpg 430w\" sizes=\"auto, (max-width: 500px) 100vw, 500px\" \/>\n\t\t\t\t\t<\/div>\n\t\t<\/div><\/div><\/div><div class=\"wpb_column vc_column_container vc_col-sm-12 vc_col-lg-offset-1 vc_col-lg-5 vc_col-md-6 vc_col-xs-12 wd-rs-6125f320eb687\"><div class=\"vc_column-inner vc_custom_1629877027060\"><div class=\"wpb_wrapper\">\n\t\t<div id=\"wd-69747c5db6472\" class=\"title-wrapper wd-wpb wd-set-mb reset-last-child  wd-rs-69747c5db6472 wd-title-color-primary wd-title-style-default text-left vc_custom_1769241740825 wd-underline-colored\">\n\t\t\t\t\t\t\t\n\t\t\t\t<div class=\"title-subtitle  subtitle-color-primary font-default subtitle-style-default wd-font-weight-600 wd-fontsize-xs\">Elite Motoculture<\/div>\n\t\t\t\n\t\t\t<div class=\"liner-continer\">\n\t\t\t\t<h4 class=\"woodmart-title-container title  wd-font-weight- wd-fontsize-xxl\" >A propos de nos \u00e9quipements<\/h4>\n\t\t\t\t\t\t\t<\/div>\n\t\t\t\n\t\t\t\n\t\t\t\n\t\t<\/div>\n\t\t\n\t\t\t\t<div id=\"wd-69747d597d325\" class=\"wd-text-block wd-wpb reset-last-child wd-rs-69747d597d325 text-left wd-width-enabled wd-fontsize-s vc_custom_1769242079228\" style=\"--wd-max-width: 90%;\">\n\t\t\t<p><em>Elite motoculture commercialise des articles neuves pour la plupart. Nous avons aussi des articles reconditionn\u00e9s par moment. Quelque soient votre choix, nos livrons tout article de votre choix avec un an de garantie.<\/em><\/p>\n\t\t<\/div>\n\t\t\t\t<div id=\"wd-69747de622c27\" class=\"wd-text-block wd-wpb reset-last-child wd-rs-69747de622c27 text-left wd-fontsize-custom vc_custom_1769242228363\">\n\t\t\t<p>Les livraisons son gratuite dans toute a France. Pour les clients qui sont \u00e0 des lieux plus distants, comme les pays voisin, des rais de livraison sont calcul\u00e9s selon la distance et appliqu\u00e9 pendant votre commande.<\/p>\n\t\t<\/div>\n\t\t<div class=\"vc_separator wpb_content_element vc_separator_align_center vc_sep_width_100 vc_sep_pos_align_center vc_separator_no_text vc_custom_1615616514122\" ><span class=\"vc_sep_holder vc_sep_holder_l\"><span style=\"border-color:rgb(10,10,10);border-color:rgba(10,10,10,0.12);\" class=\"vc_sep_line\"><\/span><\/span><span class=\"vc_sep_holder vc_sep_holder_r\"><span style=\"border-color:rgb(10,10,10);border-color:rgba(10,10,10,0.12);\" class=\"vc_sep_line\"><\/span><\/span>\n<\/div><div class=\"vc_row wpb_row vc_inner vc_row-fluid vc_row-o-content-middle vc_row-flex\"><div class=\"wpb_column vc_column_container vc_col-sm-12\"><div class=\"vc_column-inner vc_custom_1617632364304\"><div class=\"wpb_wrapper\">\t\t<div id=\"wd-69747e7db3f61\" class=\"wd-text-block wd-wpb reset-last-child wd-rs-69747e7db3f61 text-left vc_custom_1769242304710\">\n\t\t\t<p><b><i>Elite motoculture est la pour r\u00e9pondre \u00e0 vos besoin sans d\u00e9lais<\/i><\/b><\/p>\n\t\t<\/div>\n\t\t<\/div><\/div><\/div><\/div><\/div><\/div><\/div><\/div><div class=\"vc_row wpb_row vc_row-fluid\"><div class=\"wpb_column vc_column_container vc_col-sm-6\"><div class=\"vc_column-inner vc_custom_1615617895716\"><div class=\"wpb_wrapper\">\t\t<div class=\"wd-el-video wd-wpb wd-rs-69748066b6740 wd-action-overlay wd-video-youtube wd-with-aspect-ratio\">\n\t\t\t\t\t\t\t<iframe data-lazy-load=\"https:\/\/www.youtube.com\/embed\/XHOmBV4js_E?feature=oembed&loop=0&mute=0&controls=1\" allowfullscreen allow=\"accelerometer; autoplay; encrypted-media; gyroscope; picture-in-picture\" width=\"100%\" height=\"100%\" loading=\"lazy\" aria-label=\"Video player\"><\/iframe>\t\t\t\n\t\t\t\n\t\t\t\n\t\t\t\t\t\t\t<div class=\"wd-el-video-overlay wd-fill\">\n\t\t\t\t\t<img loading=\"lazy\" decoding=\"async\" width=\"700\" height=\"700\" src=\"https:\/\/elite-motoculture.com\/wp-content\/uploads\/2026\/01\/44.webp\" class=\"attachment-full size-full\" alt=\"\" srcset=\"https:\/\/elite-motoculture.com\/wp-content\/uploads\/2026\/01\/44.webp 700w, https:\/\/elite-motoculture.com\/wp-content\/uploads\/2026\/01\/44-300x300.webp 300w, https:\/\/elite-motoculture.com\/wp-content\/uploads\/2026\/01\/44-150x150.webp 150w, https:\/\/elite-motoculture.com\/wp-content\/uploads\/2026\/01\/44-430x430.webp 430w\" sizes=\"auto, (max-width: 700px) 100vw, 700px\" \/>\t\t\t\t<\/div>\n\t\t\t\t<div class=\"wd-el-video-control color-scheme-light wd-fill\">\n\t\t\t\t\t<span class=\"wd-el-video-play-btn\"><\/span>\n\t\t\t\t\t\t\t\t\t<\/div>\n\n\t\t\t\t<a class=\"wd-el-video-link wd-el-video-btn-overlay wd-fill\" href=\"http:\/\/www.youtube.com\/watch?v=XHOmBV4js_E\" aria-label=\"Play video\"><\/a>\n\t\t\t\t\t<\/div>\n\t\t\n\t\t<div id=\"wd-697482e3baab6\" class=\"title-wrapper wd-wpb wd-set-mb reset-last-child  wd-rs-697482e3baab6 wd-title-color-default wd-title-style-default text-center vc_custom_1769243368894 wd-underline-colored\">\n\t\t\t\n\t\t\t<div class=\"liner-continer\">\n\t\t\t\t<h4 class=\"woodmart-title-container title  wd-font-weight- wd-fontsize-l\" >Benne frein\u00e9e roues dessous pompe \u00e9lectrique Lider 39600PE<\/h4>\n\t\t\t\t\t\t\t<\/div>\n\t\t\t\n\t\t\t\n\t\t\t\n\t\t<\/div>\n\t\t\n\t\t\t\t<div id=\"wd-697480e9917b3\" class=\"wd-text-block wd-wpb reset-last-child wd-rs-697480e9917b3 text-left wd-width-custom wd-fontsize-s\">\n\t\t\t<p style=\"text-align: center;\"><strong>LIVRAISON GRATUITE EN 03 JOURS avec une GARANTIE de 3 ANS<\/strong><\/p>\n\t\t<\/div>\n\t\t<div class=\"vc_btn3-container vc_btn3-center vc_custom_1769243010009 vc_do_btn\" ><a class=\"vc_general vc_btn3 vc_btn3-size-md vc_btn3-shape-rounded vc_btn3-style-modern vc_btn3-color-grey\" href=\"https:\/\/elite-motoculture.com\/en\/product\/benne-freinee-roues-dessous-pompe-electrique-lider-39600pe\/\" title=\"\">Find out more<\/a><\/div><\/div><\/div><\/div><div class=\"wpb_column vc_column_container vc_col-sm-6 wd-rs-6125f363cf509\"><div class=\"vc_column-inner vc_custom_1629877093976\"><div class=\"wpb_wrapper\">\t\t<div class=\"wd-el-video wd-wpb wd-rs-69748321ae354 wd-action-overlay wd-video-youtube wd-with-aspect-ratio\">\n\t\t\t\t\t\t\t<iframe data-lazy-load=\"https:\/\/www.youtube.com\/embed\/XHOmBV4js_E?feature=oembed&loop=0&mute=0&controls=1\" allowfullscreen allow=\"accelerometer; autoplay; encrypted-media; gyroscope; picture-in-picture\" width=\"100%\" height=\"100%\" loading=\"lazy\" aria-label=\"Video player\"><\/iframe>\t\t\t\n\t\t\t\n\t\t\t\n\t\t\t\t\t\t\t<div class=\"wd-el-video-overlay wd-fill\">\n\t\t\t\t\t<img loading=\"lazy\" decoding=\"async\" width=\"700\" height=\"700\" src=\"https:\/\/elite-motoculture.com\/wp-content\/uploads\/2026\/01\/41.webp\" class=\"attachment-full size-full\" alt=\"\" srcset=\"https:\/\/elite-motoculture.com\/wp-content\/uploads\/2026\/01\/41.webp 700w, https:\/\/elite-motoculture.com\/wp-content\/uploads\/2026\/01\/41-300x300.webp 300w, https:\/\/elite-motoculture.com\/wp-content\/uploads\/2026\/01\/41-150x150.webp 150w, https:\/\/elite-motoculture.com\/wp-content\/uploads\/2026\/01\/41-430x430.webp 430w\" sizes=\"auto, (max-width: 700px) 100vw, 700px\" \/>\t\t\t\t<\/div>\n\t\t\t\t<div class=\"wd-el-video-control color-scheme-light wd-fill\">\n\t\t\t\t\t<span class=\"wd-el-video-play-btn\"><\/span>\n\t\t\t\t\t\t\t\t\t<\/div>\n\n\t\t\t\t<a class=\"wd-el-video-link wd-el-video-btn-overlay wd-fill\" href=\"http:\/\/www.youtube.com\/watch?v=XHOmBV4js_E\" aria-label=\"Play video\"><\/a>\n\t\t\t\t\t<\/div>\n\t\t\n\t\t<div id=\"wd-697482aac717d\" class=\"title-wrapper wd-wpb wd-set-mb reset-last-child  wd-rs-697482aac717d wd-title-color-default wd-title-style-default text-center vc_custom_1769243342923 wd-underline-colored\">\n\t\t\t\n\t\t\t<div class=\"liner-continer\">\n\t\t\t\t<h4 class=\"woodmart-title-container title  wd-font-weight- wd-fontsize-l\" >Benne frein\u00e9e roues dessous Lider 41580<\/h4>\n\t\t\t\t\t\t\t<\/div>\n\t\t\t\n\t\t\t\n\t\t\t\n\t\t<\/div>\n\t\t\n\t\t\t\t<div id=\"wd-69748241e9669\" class=\"wd-text-block wd-wpb reset-last-child wd-rs-69748241e9669 text-left wd-width-custom wd-fontsize-s\">\n\t\t\t<p style=\"text-align: center;\">LIVRAISON GRATUITE EN 03 JOURS avec une GARANTIE de 3 ANS<\/p>\n\t\t<\/div>\n\t\t<div class=\"vc_btn3-container vc_btn3-center vc_custom_1769243327628 vc_do_btn\" ><a class=\"vc_general vc_btn3 vc_btn3-size-md vc_btn3-shape-rounded vc_btn3-style-modern vc_btn3-color-grey\" href=\"https:\/\/elite-motoculture.com\/en\/product\/benne-freinee-roues-dessous-lider-41580\/\" title=\"\">Find out more<\/a><\/div><\/div><\/div><\/div><\/div>\n<\/div>","protected":false},"excerpt":{"rendered":"Elite Motoculture A propos de nos \u00e9quipements Elite motoculture commercialise des articles neuves pour la plupart. Nous avons aussi des","protected":false},"author":1,"featured_media":0,"parent":0,"menu_order":0,"comment_status":"closed","ping_status":"closed","template":"","meta":{"footnotes":""},"class_list":["post-5212","page","type-page","status-publish","hentry"],"_links":{"self":[{"href":"https:\/\/elite-motoculture.com\/en\/wp-json\/wp\/v2\/pages\/5212","targetHints":{"allow":["GET"]}}],"collection":[{"href":"https:\/\/elite-motoculture.com\/en\/wp-json\/wp\/v2\/pages"}],"about":[{"href":"https:\/\/elite-motoculture.com\/en\/wp-json\/wp\/v2\/types\/page"}],"author":[{"embeddable":true,"href":"https:\/\/elite-motoculture.com\/en\/wp-json\/wp\/v2\/users\/1"}],"replies":[{"embeddable":true,"href":"https:\/\/elite-motoculture.com\/en\/wp-json\/wp\/v2\/comments?post=5212"}],"version-history":[{"count":4,"href":"https:\/\/elite-motoculture.com\/en\/wp-json\/wp\/v2\/pages\/5212\/revisions"}],"predecessor-version":[{"id":11271,"href":"https:\/\/elite-motoculture.com\/en\/wp-json\/wp\/v2\/pages\/5212\/revisions\/11271"}],"wp:attachment":[{"href":"https:\/\/elite-motoculture.com\/en\/wp-json\/wp\/v2\/media?parent=5212"}],"curies":[{"name":"wp","href":"https:\/\/api.w.org\/{rel}","templated":true}]}}