{"id":13013,"date":"2026-02-14T13:38:23","date_gmt":"2026-02-14T13:38:23","guid":{"rendered":"https:\/\/elite-motoculture.com\/?post_type=product&#038;p=13013"},"modified":"2026-02-14T13:38:24","modified_gmt":"2026-02-14T13:38:24","slug":"at4-84-li-alpina","status":"publish","type":"product","link":"https:\/\/elite-motoculture.com\/en\/product\/at4-84-li-alpina\/","title":{"rendered":"AT4 84 Li-ALPINA"},"content":{"rendered":"<div class=\"elementor-element elementor-element-1caffc0 elementor-widget elementor-widget-wd_title\" data-id=\"1caffc0\" data-element_type=\"widget\" data-widget_type=\"wd_title.default\">\n<div class=\"elementor-widget-container\">\n<div class=\"title-wrapper set-mb-s reset-last-child wd-title-color-default wd-title-style-default wd-title-size-default text-left\">\n<div class=\"liner-continer\">\n<h4 class=\"woodmart-title-container title wd-fontsize-l\">Description<\/h4>\n<\/div>\n<\/div>\n<\/div>\n<\/div>\n<div class=\"elementor-element elementor-element-e24b901 wd-single-content elementor-widget elementor-widget-wd_single_product_content\" data-id=\"e24b901\" data-element_type=\"widget\" data-widget_type=\"wd_single_product_content.default\">\n<div class=\"elementor-widget-container\">\n<div class=\"product attribute overview\">\n<div class=\"value\">Un tracteur de jardin \u00e9lectrique de 84\u00a0cm aliment\u00e9 par une batterie Li-ion de 48\u00a0V garantissant une autonomie de 45\u00a0minutes. Pour des parcelles de\u00a03000\u00a0m\u00b2 maximum.<\/div>\n<\/div>\n<div class=\"product attribute unique_selling_points\">\n<ul class=\"list_check\">\n<li><i class=\"material-icons\">check<\/i>UNE MACHINE \u00c0 TROIS SYST\u00c8MES DE COUPE AU CHOIX\u00a0: RAMASSAGE, MULCHING ET \u00c9JECTION ARRI\u00c8RE<\/li>\n<li><i class=\"material-icons\">check<\/i>LARGEUR DE COUPE MOYENNE, DE 84\u00a0CM<\/li>\n<li><\/li>\n<\/ul>\n<\/div>\n<\/div>\n<\/div>","protected":false},"excerpt":{"rendered":"<ul class=\"list_check\">\n<li><i class=\"material-icons\">check<\/i>VARIATION DE VITESSE EN DOUCEUR POUR UN CONTR\u00d4LE ET UNE MANIABILIT\u00c9 OPTIMAUX<\/li>\n<li><i class=\"material-icons\">check<\/i>TECHNOLOGIE DE DERNI\u00c8RE G\u00c9N\u00c9RATION \u00c0 BASE DE BATTERIE LI-ION POUR UNE GRANDE AUTONOMIE ET DES D\u00c9LAIS DE CHARGE RAPIDES<\/li>\n<li><i class=\"material-icons\">check<\/i>SI\u00c8GE ET VOLANT CONFORTABLES ET ERGONOMIQUES<\/li>\n<\/ul>","protected":false},"featured_media":11488,"comment_status":"open","ping_status":"closed","template":"","meta":[],"product_brand":[],"product_cat":[130],"product_tag":[],"class_list":{"0":"post-13013","1":"product","2":"type-product","3":"status-publish","4":"has-post-thumbnail","6":"product_cat-tondeuse-autoporte","8":"first","9":"instock","10":"shipping-taxable","11":"purchasable","12":"product-type-simple"},"_links":{"self":[{"href":"https:\/\/elite-motoculture.com\/en\/wp-json\/wp\/v2\/product\/13013","targetHints":{"allow":["GET"]}}],"collection":[{"href":"https:\/\/elite-motoculture.com\/en\/wp-json\/wp\/v2\/product"}],"about":[{"href":"https:\/\/elite-motoculture.com\/en\/wp-json\/wp\/v2\/types\/product"}],"replies":[{"embeddable":true,"href":"https:\/\/elite-motoculture.com\/en\/wp-json\/wp\/v2\/comments?post=13013"}],"wp:featuredmedia":[{"embeddable":true,"href":"https:\/\/elite-motoculture.com\/en\/wp-json\/wp\/v2\/media\/11488"}],"wp:attachment":[{"href":"https:\/\/elite-motoculture.com\/en\/wp-json\/wp\/v2\/media?parent=13013"}],"wp:term":[{"taxonomy":"product_brand","embeddable":true,"href":"https:\/\/elite-motoculture.com\/en\/wp-json\/wp\/v2\/product_brand?post=13013"},{"taxonomy":"product_cat","embeddable":true,"href":"https:\/\/elite-motoculture.com\/en\/wp-json\/wp\/v2\/product_cat?post=13013"},{"taxonomy":"product_tag","embeddable":true,"href":"https:\/\/elite-motoculture.com\/en\/wp-json\/wp\/v2\/product_tag?post=13013"}],"curies":[{"name":"wp","href":"https:\/\/api.w.org\/{rel}","templated":true}]}}