{"id":13014,"date":"2026-02-14T13:38:23","date_gmt":"2026-02-14T13:38:23","guid":{"rendered":"https:\/\/elite-motoculture.com\/?post_type=product&#038;p=13014"},"modified":"2026-02-14T13:38:24","modified_gmt":"2026-02-14T13:38:24","slug":"debroussailleuse-autoportee-grillo-climber-8-22","status":"publish","type":"product","link":"https:\/\/elite-motoculture.com\/en\/product\/debroussailleuse-autoportee-grillo-climber-8-22\/","title":{"rendered":"D\u00e9broussailleuse autoport\u00e9e Grillo Climber 8.22"},"content":{"rendered":"<div class=\"elementor-element elementor-element-1caffc0 elementor-widget elementor-widget-wd_title\" data-id=\"1caffc0\" data-element_type=\"widget\" data-widget_type=\"wd_title.default\">\n<div class=\"elementor-widget-container\">\n<div class=\"title-wrapper set-mb-s reset-last-child wd-title-color-default wd-title-style-default wd-title-size-default text-left\">\n<div class=\"liner-continer\">\n<h4 class=\"woodmart-title-container title wd-fontsize-l\">Description<\/h4>\n<\/div>\n<\/div>\n<\/div>\n<\/div>\n<div class=\"elementor-element elementor-element-e24b901 wd-single-content elementor-widget elementor-widget-wd_single_product_content\" data-id=\"e24b901\" data-element_type=\"widget\" data-widget_type=\"wd_single_product_content.default\">\n<div class=\"elementor-widget-container\">\n<p>Le mod\u00e8le\u00a0<strong>Climber 8.22<\/strong>\u00a0est une d\u00e9broussailleuse hydrostatique \u00e0 lames con\u00e7ue avec des solutions innovantes qui augmentent encore plus ses prestations. Elle est \u00e9quip\u00e9e de s\u00e9rie d\u2019un\u00a0<strong>essieu hydrostatique professionnel<\/strong>\u00a0avec\u00a0<strong>blocage diff\u00e9rentiel int\u00e9gr\u00e9<\/strong>, d\u2019un frein agissant sur les 4 roues, d\u2019un\u00a0<strong>embrayage \u00e9lectromagn\u00e9tique<\/strong>, d\u2019une direction tr\u00e8s souple, d\u2019un plateau de coupe avec d\u00e9flecteur pour une meilleure \u00e9jection de l\u2019herbe, d\u2019une course totale tr\u00e8s importante de la hauteur de coupe permettant des man\u0153uvres beaucoup plus rapides m\u00eame en pr\u00e9sence d\u2019obstacles et des roues ant\u00e9rieures surdimensionn\u00e9es 3.50-6.<\/p>\n<p>&nbsp;<\/p>\n<\/div>\n<\/div>","protected":false},"excerpt":{"rendered":"<p>De performances extraordinaires sur la pente pour le d\u00e9broussaillage dans l\u2019herbe haute, dans le domaine agricole elle est id\u00e9ale pour l\u2019entretien des vignobles et des olivaies pour un travail parfait en dessous des branches.<br \/>\nLe\u00a0<strong>rayon de braquage<\/strong>\u00a0est de seulement\u00a0<strong>60 cm<\/strong>. La\u00a0<strong>vitesse<\/strong>\u00a0de d\u00e9placement peut varier entre\u00a0<strong>0 et 10 km\/h<\/strong>.<br \/>\nLes larges roues arri\u00e8res 18\u00d79.50-8 offrent un haut niveau de confort et de s\u00e9curit\u00e9.<\/p>","protected":false},"featured_media":11489,"comment_status":"open","ping_status":"closed","template":"","meta":[],"product_brand":[],"product_cat":[130],"product_tag":[],"class_list":{"0":"post-13014","1":"product","2":"type-product","3":"status-publish","4":"has-post-thumbnail","6":"product_cat-tondeuse-autoporte","8":"first","9":"instock","10":"shipping-taxable","11":"purchasable","12":"product-type-simple"},"_links":{"self":[{"href":"https:\/\/elite-motoculture.com\/en\/wp-json\/wp\/v2\/product\/13014","targetHints":{"allow":["GET"]}}],"collection":[{"href":"https:\/\/elite-motoculture.com\/en\/wp-json\/wp\/v2\/product"}],"about":[{"href":"https:\/\/elite-motoculture.com\/en\/wp-json\/wp\/v2\/types\/product"}],"replies":[{"embeddable":true,"href":"https:\/\/elite-motoculture.com\/en\/wp-json\/wp\/v2\/comments?post=13014"}],"wp:featuredmedia":[{"embeddable":true,"href":"https:\/\/elite-motoculture.com\/en\/wp-json\/wp\/v2\/media\/11489"}],"wp:attachment":[{"href":"https:\/\/elite-motoculture.com\/en\/wp-json\/wp\/v2\/media?parent=13014"}],"wp:term":[{"taxonomy":"product_brand","embeddable":true,"href":"https:\/\/elite-motoculture.com\/en\/wp-json\/wp\/v2\/product_brand?post=13014"},{"taxonomy":"product_cat","embeddable":true,"href":"https:\/\/elite-motoculture.com\/en\/wp-json\/wp\/v2\/product_cat?post=13014"},{"taxonomy":"product_tag","embeddable":true,"href":"https:\/\/elite-motoculture.com\/en\/wp-json\/wp\/v2\/product_tag?post=13014"}],"curies":[{"name":"wp","href":"https:\/\/api.w.org\/{rel}","templated":true}]}}