{"id":13102,"date":"2026-02-14T13:38:46","date_gmt":"2026-02-14T13:38:46","guid":{"rendered":"https:\/\/elite-motoculture.com\/?post_type=product&#038;p=13102"},"modified":"2026-02-14T13:38:47","modified_gmt":"2026-02-14T13:38:47","slug":"tondeuse-autoportee-husqvarna-ts-142-l","status":"publish","type":"product","link":"https:\/\/elite-motoculture.com\/en\/product\/tondeuse-autoportee-husqvarna-ts-142-l\/","title":{"rendered":"Tondeuse Autoport\u00e9e Husqvarna TS 142 L"},"content":{"rendered":"<div class=\"elementor-element elementor-element-1caffc0 elementor-widget elementor-widget-wd_title\" data-id=\"1caffc0\" data-element_type=\"widget\" data-widget_type=\"wd_title.default\">\n<div class=\"elementor-widget-container\">\n<div class=\"title-wrapper set-mb-s reset-last-child wd-title-color-default wd-title-style-default wd-title-size-default text-left\">\n<div class=\"liner-continer\">\n<h4 class=\"woodmart-title-container title wd-fontsize-l\">Description<\/h4>\n<\/div>\n<\/div>\n<\/div>\n<\/div>\n<div class=\"elementor-element elementor-element-e24b901 wd-single-content elementor-widget elementor-widget-wd_single_product_content\" data-id=\"e24b901\" data-element_type=\"widget\" data-widget_type=\"wd_single_product_content.default\">\n<div class=\"elementor-widget-container\">\n<p>Mod\u00e8le \u00e0 \u00e9jection lat\u00e9rale \u00e9quip\u00e9 d\u2019un carter de coupe de 107 cm et d\u2019une bo\u00eete hydrostatique command\u00e9e par levier.<br \/>\nIl est dot\u00e9 d\u2019un moteur avec starter automatique.<br \/>\nIl peut \u00eatre \u00e9quip\u00e9 d\u2019un bac de ramassage et d\u2019un kit mulching.<br \/>\nIl est \u00e9quip\u00e9 d\u2019un indicateur de charge de la batterie et d\u2019une connexion rapide au chargeur . Mod\u00e8le tr\u00e8s robuste gr\u00e2ce \u00e0 son train avant en fonte.<br \/>\nEssieu avant lourd\u00a0: Le poids de l\u2019essieu avant contribue \u00e0 un meilleur \u00e9quilibre et \u00e0 une grande stabilit\u00e9, m\u00eame quand le collecteur est plein.<br \/>\nCompteur horaire avec rappel de maintenance\u00a0: Il indique quand il est temps d\u2019effectuer la maintenance du tracteur<br \/>\nEmbout pour tuyau d\u2019arrosage sur le carter de coupe\u00a0: Raccordez votre tuyau d\u2019arrosage \u00e0 l\u2019orifice afin de nettoyer la partie inf\u00e9rieure du plateau de coupe.<br \/>\nCarter de coupe Epoxy\u00a0: Le carter de coupe en peinture Epoxy am\u00e9liore sa durabilit\u00e9 et offre une plus grande r\u00e9sistance \u00e0 la corrosion.<br \/>\nVolant ergonomique\u00a0: Volant confortable, avec un angle id\u00e9al pour une conduite optimale<br \/>\nR\u00e9glage de la hauteur de coupe assist\u00e9 par ressort\u00a0: Le dispositif de r\u00e9glage de la hauteur de coupe est facilement accessible pour une ergonomie id\u00e9ale. Un syst\u00e8me de compensation \u00e0 ressort facilite le r\u00e9glage de la hauteur de coupe.<br \/>\nSi\u00e8ge r\u00e9glable et inclinable\u00a0: La position du si\u00e8ge peut \u00eatre ajust\u00e9e une fois assis. Il se d\u00e9place en avant et vers le bas ou en arri\u00e8re et vers le haut.<br \/>\nPneumatiques larges\u00a0: Larges pneus pour une faible pression au sol et une meilleure adh\u00e9rence.<\/p>\n<p>Garantie 2 ans<br \/>\nLivraison gratuite en 48h<\/p>\n<p>&nbsp;<\/p>\n<\/div>\n<\/div>","protected":false},"excerpt":{"rendered":"<p>FICHE TECHNIQUE<br \/>\n\u00c9valuations<br \/>\nTondeuse Autoport\u00e9e HUSQVARNA TS 142 L<br \/>\nTondeuse Tracteur Husqvarna TS 142 L en 107 cm<br \/>\nS\u00e9rie 100<br \/>\nMoteur 4 temps fonctionnant \u00e0 l\u2019essence<br \/>\nMoteur Briggs &amp; Stratton Intek<br \/>\nCylindr\u00e9e : 500 cm3<br \/>\nPuissance : 8.6 kW ; 11.68 Cv<br \/>\nLargeur de coupe de la tondeuse : 107 cm<br \/>\nTransmission hydrostatique au pied<br \/>\n6 positions de coupe : 38-102 cm<br \/>\nR\u00e9glage de la hauteur de coupe par palier<br \/>\nAvantages du produit : Essieu avant en fonte; bo\u00eete hydrostatique; grande largeur de coupe<br \/>\nSurface conseill\u00e9e max 6000 m2<\/p>","protected":false},"featured_media":11674,"comment_status":"closed","ping_status":"closed","template":"","meta":[],"product_brand":[],"product_cat":[130],"product_tag":[],"class_list":{"0":"post-13102","1":"product","2":"type-product","3":"status-publish","4":"has-post-thumbnail","6":"product_cat-tondeuse-autoporte","8":"first","9":"instock","10":"shipping-taxable","11":"purchasable","12":"product-type-simple"},"_links":{"self":[{"href":"https:\/\/elite-motoculture.com\/en\/wp-json\/wp\/v2\/product\/13102","targetHints":{"allow":["GET"]}}],"collection":[{"href":"https:\/\/elite-motoculture.com\/en\/wp-json\/wp\/v2\/product"}],"about":[{"href":"https:\/\/elite-motoculture.com\/en\/wp-json\/wp\/v2\/types\/product"}],"replies":[{"embeddable":true,"href":"https:\/\/elite-motoculture.com\/en\/wp-json\/wp\/v2\/comments?post=13102"}],"wp:featuredmedia":[{"embeddable":true,"href":"https:\/\/elite-motoculture.com\/en\/wp-json\/wp\/v2\/media\/11674"}],"wp:attachment":[{"href":"https:\/\/elite-motoculture.com\/en\/wp-json\/wp\/v2\/media?parent=13102"}],"wp:term":[{"taxonomy":"product_brand","embeddable":true,"href":"https:\/\/elite-motoculture.com\/en\/wp-json\/wp\/v2\/product_brand?post=13102"},{"taxonomy":"product_cat","embeddable":true,"href":"https:\/\/elite-motoculture.com\/en\/wp-json\/wp\/v2\/product_cat?post=13102"},{"taxonomy":"product_tag","embeddable":true,"href":"https:\/\/elite-motoculture.com\/en\/wp-json\/wp\/v2\/product_tag?post=13102"}],"curies":[{"name":"wp","href":"https:\/\/api.w.org\/{rel}","templated":true}]}}