{"id":13111,"date":"2026-02-14T13:38:46","date_gmt":"2026-02-14T13:38:46","guid":{"rendered":"https:\/\/elite-motoculture.com\/?post_type=product&#038;p=13111"},"modified":"2026-02-14T13:38:49","modified_gmt":"2026-02-14T13:38:49","slug":"motopompe-thermique-greenbay-gb-hpwp-80","status":"publish","type":"product","link":"https:\/\/elite-motoculture.com\/en\/product\/motopompe-thermique-greenbay-gb-hpwp-80\/","title":{"rendered":"Motopompe thermique Greenbay GB-HPWP 80"},"content":{"rendered":"<div class=\"elementor-element elementor-element-1caffc0 elementor-widget elementor-widget-wd_title\" data-id=\"1caffc0\" data-element_type=\"widget\" data-widget_type=\"wd_title.default\">\n<div class=\"elementor-widget-container\">\n<div class=\"title-wrapper set-mb-s reset-last-child wd-title-color-default wd-title-style-default wd-title-size-default text-left\">\n<div class=\"liner-continer\">\n<h4 class=\"woodmart-title-container title wd-fontsize-l\">Description<\/h4>\n<\/div>\n<\/div>\n<\/div>\n<\/div>\n<div class=\"elementor-element elementor-element-e24b901 wd-single-content elementor-widget elementor-widget-wd_single_product_content\" data-id=\"e24b901\" data-element_type=\"widget\" data-widget_type=\"wd_single_product_content.default\">\n<div class=\"elementor-widget-container\">\n<p>La\u00a0<strong>motopompe d\u2019irrigation GB-HPWP 80<\/strong>\u00a0est un outil id\u00e9al pour pomper l\u2019eau \u00e0 haute pression et pour la pousser sur de longues distances.<\/p>\n<p>Cette motopompe vante un niveau de construction et de qualit\u00e9 in\u00e9galable avec une hauteur d\u2019\u00e9l\u00e9vation importante de\u00a0<strong>76 m<\/strong>.<\/p>\n<p>Elle est tr\u00e8s utile lorsqu\u2019il faut distribuer de l\u2019eau en l\u2019absence d\u2019\u00e9nergie \u00e9lectrique ou en campagne, lorsqu\u2019il faut extraire de l\u2019eau d\u2019un puits, d\u2019un \u00e9tang ou de citernes et de cuves difficiles \u00e0 atteindre ou bien lorsqu\u2019il faut drainer une cave ou un garage inond\u00e9.<\/p>\n<p>Ce mod\u00e8le est un bon compromis entre puissance et dimensions et est facilement transportable.<\/p>\n<p>La\u00a0<strong>pompe est auto-amor\u00e7ante<\/strong>\u00a0et peut commencer \u00e0 travailler simplement en remplissant l\u2019eau \u00e0 travers le bouchon pr\u00e9vu \u00e0 cet effet dans le corps de la pompe.<\/p>\n<p>&nbsp;<\/p>\n<\/div>\n<\/div>","protected":false},"excerpt":{"rendered":"<p><strong>ATTENTION :<br \/>\n<\/strong><\/p>\n<ul>\n<li>Moteur sans huile, se rappeler de faire le plein avant l\u2019utilisation avec les bidons fournis.<\/li>\n<li>Ne pas utiliser la machine avec une pompe \u00e0 sec.<\/li>\n<\/ul>\n<hr \/>\n<p>Ces motopompes sont adapt\u00e9es pour le transfert de l\u2019eau (par exemple d\u2019une citerne \u00e0 l\u2019autre) ou pour l\u2019irrigation par sillon dans les champs et dans les potagers.<br \/>\nNous ne garantissons pas sa compatibilit\u00e9 avec l\u2019utilisation combin\u00e9e avec des arroseurs de divers types ou avec de v\u00e9ritables syst\u00e8mes d\u2019irrigation de divers type (qui exigent la conception par un technicien avec des calculs relatifs au d\u00e9bit, \u00e9l\u00e9vation, refoulement, pression, diam\u00e8tre des tuyau, valves, buses, etc..) et qui peuvent exiger des typologies de pompes plus sp\u00e9cifiques pour installation.<\/p>","protected":false},"featured_media":11683,"comment_status":"closed","ping_status":"closed","template":"","meta":[],"product_brand":[],"product_cat":[131],"product_tag":[],"class_list":{"0":"post-13111","1":"product","2":"type-product","3":"status-publish","4":"has-post-thumbnail","6":"product_cat-irrigation","8":"first","9":"instock","10":"shipping-taxable","11":"purchasable","12":"product-type-simple"},"_links":{"self":[{"href":"https:\/\/elite-motoculture.com\/en\/wp-json\/wp\/v2\/product\/13111","targetHints":{"allow":["GET"]}}],"collection":[{"href":"https:\/\/elite-motoculture.com\/en\/wp-json\/wp\/v2\/product"}],"about":[{"href":"https:\/\/elite-motoculture.com\/en\/wp-json\/wp\/v2\/types\/product"}],"replies":[{"embeddable":true,"href":"https:\/\/elite-motoculture.com\/en\/wp-json\/wp\/v2\/comments?post=13111"}],"wp:featuredmedia":[{"embeddable":true,"href":"https:\/\/elite-motoculture.com\/en\/wp-json\/wp\/v2\/media\/11683"}],"wp:attachment":[{"href":"https:\/\/elite-motoculture.com\/en\/wp-json\/wp\/v2\/media?parent=13111"}],"wp:term":[{"taxonomy":"product_brand","embeddable":true,"href":"https:\/\/elite-motoculture.com\/en\/wp-json\/wp\/v2\/product_brand?post=13111"},{"taxonomy":"product_cat","embeddable":true,"href":"https:\/\/elite-motoculture.com\/en\/wp-json\/wp\/v2\/product_cat?post=13111"},{"taxonomy":"product_tag","embeddable":true,"href":"https:\/\/elite-motoculture.com\/en\/wp-json\/wp\/v2\/product_tag?post=13111"}],"curies":[{"name":"wp","href":"https:\/\/api.w.org\/{rel}","templated":true}]}}