{"id":13213,"date":"2026-02-14T13:39:10","date_gmt":"2026-02-14T13:39:10","guid":{"rendered":"https:\/\/elite-motoculture.com\/?post_type=product&#038;p=13213"},"modified":"2026-02-14T13:39:14","modified_gmt":"2026-02-14T13:39:14","slug":"pack-souffleur-a-batterie-hhb36axbe-honda","status":"publish","type":"product","link":"https:\/\/elite-motoculture.com\/en\/product\/pack-souffleur-a-batterie-hhb36axbe-honda\/","title":{"rendered":"Pack souffleur \u00e0 batterie HHB36AXBE HONDA"},"content":{"rendered":"<div class=\"elementor-element elementor-element-1caffc0 elementor-widget elementor-widget-wd_title\" data-id=\"1caffc0\" data-element_type=\"widget\" data-widget_type=\"wd_title.default\">\n<div class=\"elementor-widget-container\">\n<div class=\"title-wrapper set-mb-s reset-last-child wd-title-color-default wd-title-style-default wd-title-size-default text-left\">\n<div class=\"liner-continer\">\n<h4 class=\"woodmart-title-container title wd-fontsize-l\">Description<\/h4>\n<\/div>\n<\/div>\n<\/div>\n<\/div>\n<div class=\"elementor-element elementor-element-e24b901 wd-single-content elementor-widget elementor-widget-wd_single_product_content\" data-id=\"e24b901\" data-element_type=\"widget\" data-widget_type=\"wd_single_product_content.default\">\n<div class=\"elementor-widget-container\">\n<p class=\"product-details-title h3 mb-3 py-2\">Fiche technique<\/p>\n<dl class=\"data-sheet d-flex flex-wrap justify-content-between m-0\">\n<dt class=\"name mb-1 p-2\">Avantages du produit<\/dt>\n<dd class=\"value mb-1 p-2\">Puissant et l\u00e9ger, livr\u00e9 avec buse plate et ronde, variateur de vitesse, support de batterie rembourr\u00e9.<\/dd>\n<dt class=\"name mb-1 p-2\">Autonomie<\/dt>\n<dd class=\"value mb-1 p-2\">12 min batterie 4Ah \u2013 18 min batterie 6 Ah \u2013 27 min batterie 9Ah<\/dd>\n<dt class=\"name mb-1 p-2\">Poids<\/dt>\n<dd class=\"value mb-1 p-2\">2,6 Kg (sans batterie)<\/dd>\n<dd class=\"value mb-1 p-2\"><\/dd>\n<\/dl>\n<\/div>\n<\/div>","protected":false},"excerpt":{"rendered":"<dl class=\"data-sheet d-flex flex-wrap justify-content-between m-0\">\n<dt class=\"name mb-1 p-2\">Vitesse d\u2019air<\/dt>\n<dd class=\"value mb-1 p-2\">65 m\/s (buse ronde) \u2013 68 m\/s (buse plate)<\/dd>\n<dt class=\"name mb-1 p-2\">Accessoire(s) inclu(s)<\/dt>\n<dd class=\"value mb-1 p-2\">Batterie 6Ah + chargeur rapide, buse ronde et plate, ceinture de portage batterie<\/dd>\n<dt class=\"name mb-1 p-2\">Garantie<\/dt>\n<dd class=\"value mb-1 p-2\">2 ans<\/dd>\n<dt class=\"name mb-1 p-2\">Soufflerie (d\u00e9bit-vitesse)<\/dt>\n<dd class=\"value mb-1 p-2\">Volume d\u2019air buse ronde: 860m3\/h \u2013 Volume d\u2019air buse plate: 730 m3\/h<\/dd>\n<\/dl>","protected":false},"featured_media":11898,"comment_status":"closed","ping_status":"closed","template":"","meta":[],"product_brand":[],"product_cat":[135],"product_tag":[],"class_list":{"0":"post-13213","1":"product","2":"type-product","3":"status-publish","4":"has-post-thumbnail","6":"product_cat-souffleur-a-feuille","8":"first","9":"instock","10":"shipping-taxable","11":"purchasable","12":"product-type-simple"},"_links":{"self":[{"href":"https:\/\/elite-motoculture.com\/en\/wp-json\/wp\/v2\/product\/13213","targetHints":{"allow":["GET"]}}],"collection":[{"href":"https:\/\/elite-motoculture.com\/en\/wp-json\/wp\/v2\/product"}],"about":[{"href":"https:\/\/elite-motoculture.com\/en\/wp-json\/wp\/v2\/types\/product"}],"replies":[{"embeddable":true,"href":"https:\/\/elite-motoculture.com\/en\/wp-json\/wp\/v2\/comments?post=13213"}],"wp:featuredmedia":[{"embeddable":true,"href":"https:\/\/elite-motoculture.com\/en\/wp-json\/wp\/v2\/media\/11898"}],"wp:attachment":[{"href":"https:\/\/elite-motoculture.com\/en\/wp-json\/wp\/v2\/media?parent=13213"}],"wp:term":[{"taxonomy":"product_brand","embeddable":true,"href":"https:\/\/elite-motoculture.com\/en\/wp-json\/wp\/v2\/product_brand?post=13213"},{"taxonomy":"product_cat","embeddable":true,"href":"https:\/\/elite-motoculture.com\/en\/wp-json\/wp\/v2\/product_cat?post=13213"},{"taxonomy":"product_tag","embeddable":true,"href":"https:\/\/elite-motoculture.com\/en\/wp-json\/wp\/v2\/product_tag?post=13213"}],"curies":[{"name":"wp","href":"https:\/\/api.w.org\/{rel}","templated":true}]}}