{"id":13250,"date":"2026-02-14T13:39:18","date_gmt":"2026-02-14T13:39:18","guid":{"rendered":"https:\/\/elite-motoculture.com\/?post_type=product&#038;p=13250"},"modified":"2026-02-14T13:39:23","modified_gmt":"2026-02-14T13:39:23","slug":"arracheuse-de-pommes-de-terre-blackstone-b-ph-500","status":"publish","type":"product","link":"https:\/\/elite-motoculture.com\/en\/product\/arracheuse-de-pommes-de-terre-blackstone-b-ph-500\/","title":{"rendered":"Arracheuse de pommes de terre Blackstone B-PH 500"},"content":{"rendered":"<section class=\"wd-negative-gap elementor-section elementor-top-section elementor-element elementor-element-562428a elementor-reverse-mobile elementor-section-boxed elementor-section-height-default elementor-section-height-default wd-section-disabled\" data-id=\"562428a\" data-element_type=\"section\">\n<div class=\"elementor-container elementor-column-gap-default\">\n<div class=\"elementor-column elementor-col-100 elementor-top-column elementor-element elementor-element-849fa95\" data-id=\"849fa95\" data-element_type=\"column\" data-settings=\"{&quot;background_background&quot;:&quot;classic&quot;}\">\n<div class=\"elementor-widget-wrap elementor-element-populated\">\n<div class=\"elementor-element elementor-element-1caffc0 elementor-widget elementor-widget-wd_title\" data-id=\"1caffc0\" data-element_type=\"widget\" data-widget_type=\"wd_title.default\">\n<div class=\"elementor-widget-container\">\n<div class=\"title-wrapper set-mb-s reset-last-child wd-title-color-default wd-title-style-default wd-title-size-default text-left\">\n<div class=\"liner-continer\">\n<h4 class=\"woodmart-title-container title wd-fontsize-l\">Description<\/h4>\n<\/div>\n<\/div>\n<\/div>\n<\/div>\n<div class=\"elementor-element elementor-element-e24b901 wd-single-content elementor-widget elementor-widget-wd_single_product_content\" data-id=\"e24b901\" data-element_type=\"widget\" data-widget_type=\"wd_single_product_content.default\">\n<div class=\"elementor-widget-container\">\n<p>L\u2019arracheuse de pommes de terre\u00a0<strong>BlackStone B-PH 500<\/strong>\u00a0est un outil id\u00e9al pour la r\u00e9colte des pommes de terre, des tubercules, de l\u2019ail et des oignons.<\/p>\n<p>Son grand soc, qui couvre une grande partie de ses dimensions r\u00e9duites, lui permet d\u2019entrer dans le sol\u00a0<strong>et de diriger le produit sur les tamis<\/strong>\u00a0qui le s\u00e9pareront gr\u00e2ce \u00e0 la\u00a0<strong>grille oscillatoire<\/strong>.<\/p>\n<p>&nbsp;<\/p>\n<\/div>\n<\/div>\n<\/div>\n<\/div>\n<\/div>\n<\/section>\n<section class=\"wd-negative-gap elementor-section elementor-top-section elementor-element elementor-element-19ae024 elementor-section-boxed elementor-section-height-default elementor-section-height-default wd-section-disabled\" data-id=\"19ae024\" data-element_type=\"section\">\n<div class=\"elementor-container elementor-column-gap-default\">\n<div class=\"elementor-column elementor-col-100 elementor-top-column elementor-element elementor-element-4189985\" data-id=\"4189985\" data-element_type=\"column\"><\/div>\n<\/div>\n<\/section>","protected":false},"excerpt":{"rendered":"<p>Cette machine est con\u00e7ue pour rendre le travail simple et imm\u00e9diat, car un seul passage suffit pour la r\u00e9colte compl\u00e8te de la zone travaill\u00e9e.<\/p>\n<p>Pour les tracteurs de\u00a0<strong>20-30 CV<\/strong>, il s\u2019agit d\u2019une machine tr\u00e8s polyvalente :<\/p>\n<p>Convient \u00e0 la fois pour le travail \u00e0 plat et sur<strong>\u00a0les zones en pente<\/strong>, avec une<strong>\u00a0profondeur d\u2019excavation variable<\/strong>, parfaite pour tout type de terrain.<\/p>","protected":false},"featured_media":11959,"comment_status":"closed","ping_status":"closed","template":"","meta":[],"product_brand":[],"product_cat":[138],"product_tag":[],"class_list":{"0":"post-13250","1":"product","2":"type-product","3":"status-publish","4":"has-post-thumbnail","6":"product_cat-travail-et-entretien-du-terrain-machines-agricoles-a-tracteur","8":"first","9":"instock","10":"shipping-taxable","11":"purchasable","12":"product-type-simple"},"_links":{"self":[{"href":"https:\/\/elite-motoculture.com\/en\/wp-json\/wp\/v2\/product\/13250","targetHints":{"allow":["GET"]}}],"collection":[{"href":"https:\/\/elite-motoculture.com\/en\/wp-json\/wp\/v2\/product"}],"about":[{"href":"https:\/\/elite-motoculture.com\/en\/wp-json\/wp\/v2\/types\/product"}],"replies":[{"embeddable":true,"href":"https:\/\/elite-motoculture.com\/en\/wp-json\/wp\/v2\/comments?post=13250"}],"wp:featuredmedia":[{"embeddable":true,"href":"https:\/\/elite-motoculture.com\/en\/wp-json\/wp\/v2\/media\/11959"}],"wp:attachment":[{"href":"https:\/\/elite-motoculture.com\/en\/wp-json\/wp\/v2\/media?parent=13250"}],"wp:term":[{"taxonomy":"product_brand","embeddable":true,"href":"https:\/\/elite-motoculture.com\/en\/wp-json\/wp\/v2\/product_brand?post=13250"},{"taxonomy":"product_cat","embeddable":true,"href":"https:\/\/elite-motoculture.com\/en\/wp-json\/wp\/v2\/product_cat?post=13250"},{"taxonomy":"product_tag","embeddable":true,"href":"https:\/\/elite-motoculture.com\/en\/wp-json\/wp\/v2\/product_tag?post=13250"}],"curies":[{"name":"wp","href":"https:\/\/api.w.org\/{rel}","templated":true}]}}