{"id":13251,"date":"2026-02-14T13:39:25","date_gmt":"2026-02-14T13:39:25","guid":{"rendered":"https:\/\/elite-motoculture.com\/?post_type=product&#038;p=13251"},"modified":"2026-02-14T13:39:26","modified_gmt":"2026-02-14T13:39:26","slug":"arracheuse-de-pommes-de-terre-bomet-upus-a-tapis-rangee","status":"publish","type":"product","link":"https:\/\/elite-motoculture.com\/en\/product\/arracheuse-de-pommes-de-terre-bomet-upus-a-tapis-rangee\/","title":{"rendered":"Arracheuse de pommes de terre Bomet UPUS \u00e0 tapis Rang\u00e9e"},"content":{"rendered":"<div class=\"elementor-element elementor-element-1caffc0 elementor-widget elementor-widget-wd_title\" data-id=\"1caffc0\" data-element_type=\"widget\" data-widget_type=\"wd_title.default\">\n<div class=\"elementor-widget-container\">\n<div class=\"title-wrapper set-mb-s reset-last-child wd-title-color-default wd-title-style-default wd-title-size-default text-left\">\n<div class=\"liner-continer\">\n<h4 class=\"woodmart-title-container title wd-fontsize-l\">Description<\/h4>\n<\/div>\n<\/div>\n<\/div>\n<\/div>\n<div class=\"elementor-element elementor-element-e24b901 wd-single-content elementor-widget elementor-widget-wd_single_product_content\" data-id=\"e24b901\" data-element_type=\"widget\" data-widget_type=\"wd_single_product_content.default\">\n<div class=\"elementor-widget-container\">\n<p>L\u2019<strong>arracheuse de pommes de terre Bomet UPUS\u00a0<\/strong>(\u00e0 rang\u00e9e simple) est une machine qui monte un syst\u00e8me de suspension \u00e0 trois points et qui est entra\u00een\u00e9e par un arbre \u00e0 cardan \u00e0 la prise de force du tracteur. La cr\u00eate avec les pommes de terre est d\u00e9chauss\u00e9e par un soc, puis est dirig\u00e9e vers la grille.<\/p>\n<p>Suite au mouvement de la bande, la cr\u00eate est \u00e9cras\u00e9e et la terre traverse les barres du convoyeur, tandis que le tubercule\/ la racine de la plante est dirig\u00e9e vers l\u2019arri\u00e8re de la machine.<\/p>\n<p>&nbsp;<\/p>\n<\/div>\n<\/div>","protected":false},"excerpt":{"rendered":"<p>Dans la partie arri\u00e8re de l\u2019arracheuse, une grille dirige les pommes de terre extraites vers la cr\u00eate derri\u00e8re l\u2019arracheuse. La grille de glissement permet le positionnement des tubercules de pomme de terre de mani\u00e8re \u00e0 limiter les dommages caus\u00e9s par les pneus du tracteur lors du passage suivant.<\/p>\n<p>L\u2019arracheuse de patates convient aux tracteurs \u00e9quip\u00e9s d\u2019un attelage \u00e0 trois points de\u00a0<strong>cat\u00e9gorie II<\/strong>.<\/p>\n<p>La machine est \u00e9quip\u00e9e de roues en\u00a0<strong>m\u00e9tal<\/strong>\u00a0avec r\u00e9glage de la profondeur d\u2019excavation.<\/p>\n<p>Cette machine est con\u00e7ue pour rendre le travail simple et imm\u00e9diat, car un seul passage suffit pour la r\u00e9colte compl\u00e8te de la zone travaill\u00e9e.<\/p>\n<p>La puissance requise du tracteur est de\u00a0<strong>25 CV<\/strong>.<\/p>","protected":false},"featured_media":11960,"comment_status":"closed","ping_status":"closed","template":"","meta":[],"product_brand":[],"product_cat":[138],"product_tag":[],"class_list":{"0":"post-13251","1":"product","2":"type-product","3":"status-publish","4":"has-post-thumbnail","6":"product_cat-travail-et-entretien-du-terrain-machines-agricoles-a-tracteur","8":"first","9":"instock","10":"shipping-taxable","11":"purchasable","12":"product-type-simple"},"_links":{"self":[{"href":"https:\/\/elite-motoculture.com\/en\/wp-json\/wp\/v2\/product\/13251","targetHints":{"allow":["GET"]}}],"collection":[{"href":"https:\/\/elite-motoculture.com\/en\/wp-json\/wp\/v2\/product"}],"about":[{"href":"https:\/\/elite-motoculture.com\/en\/wp-json\/wp\/v2\/types\/product"}],"replies":[{"embeddable":true,"href":"https:\/\/elite-motoculture.com\/en\/wp-json\/wp\/v2\/comments?post=13251"}],"wp:featuredmedia":[{"embeddable":true,"href":"https:\/\/elite-motoculture.com\/en\/wp-json\/wp\/v2\/media\/11960"}],"wp:attachment":[{"href":"https:\/\/elite-motoculture.com\/en\/wp-json\/wp\/v2\/media?parent=13251"}],"wp:term":[{"taxonomy":"product_brand","embeddable":true,"href":"https:\/\/elite-motoculture.com\/en\/wp-json\/wp\/v2\/product_brand?post=13251"},{"taxonomy":"product_cat","embeddable":true,"href":"https:\/\/elite-motoculture.com\/en\/wp-json\/wp\/v2\/product_cat?post=13251"},{"taxonomy":"product_tag","embeddable":true,"href":"https:\/\/elite-motoculture.com\/en\/wp-json\/wp\/v2\/product_tag?post=13251"}],"curies":[{"name":"wp","href":"https:\/\/api.w.org\/{rel}","templated":true}]}}