{"id":13312,"date":"2026-02-14T13:39:41","date_gmt":"2026-02-14T13:39:41","guid":{"rendered":"https:\/\/elite-motoculture.com\/?post_type=product&#038;p=13312"},"modified":"2026-02-14T13:39:43","modified_gmt":"2026-02-14T13:39:43","slug":"80-sacs-de-bois-de-bouleau-25cm-100-sec","status":"publish","type":"product","link":"https:\/\/elite-motoculture.com\/en\/product\/80-sacs-de-bois-de-bouleau-25cm-100-sec\/","title":{"rendered":"80 sacs de bois de bouleau \u2013 25cm \u2013 100% sec"},"content":{"rendered":"<p><strong>Le bois de bouleau est tr\u00e8s appropri\u00e9 pour les po\u00eales de petite \u00e0 moyenne taille.<\/strong><\/p>\n<ul>\n<li>Pratique dans des sacs en filet<\/li>\n<li>Longueur du bloc 25cm<\/li>\n<li>Humidit\u00e9 inf\u00e9rieure \u00e0 20%<\/li>\n<li>Beau jeu de flamme<\/li>\n<\/ul>\n<ul>\n<li>Br\u00fble facilement<\/li>\n<li>Convient \u00e0 tous les po\u00eales<\/li>\n<li>Peut \u00eatre br\u00fbler \u00a0imm\u00e9diatement<\/li>\n<li>Free delivery<\/li>\n<\/ul>\n<p><strong>Sacs filets en bois de bouleau empil\u00e9s de mani\u00e8re pratique.<\/strong><\/p>","protected":false},"excerpt":{"rendered":"<h3>Informations suppl\u00e9mentaires<\/h3>\n<table id=\"product-attribute-specs-table\" class=\"data-table\">\n<colgroup>\n<col width=\"25%\" \/>\n<col \/><\/colgroup>\n<thead>\n<tr class=\"first last\">\n<th><\/th>\n<th><\/th>\n<\/tr>\n<\/thead>\n<tbody>\n<tr class=\"sku first odd\">\n<th class=\"label\"><\/th>\n<td class=\"data last\"><\/td>\n<\/tr>\n<tr class=\"manufacturer even\">\n<th class=\"label\">Marque<\/th>\n<td class=\"data last\">bois de bouleau<\/td>\n<\/tr>\n<tr class=\"humidity odd\">\n<th class=\"label\">Pourcentage d\u2019humidit\u00e9<\/th>\n<td class=\"data last\">&lt; 20%<\/td>\n<\/tr>\n<tr class=\"wood_log_lenght even\">\n<th class=\"label\">Longueur des b\u00fbches<\/th>\n<td class=\"data last\">25cm<\/td>\n<\/tr>\n<tr class=\"intersection_wood_logs odd\">\n<th class=\"label\">Coupe transversale de b\u00fbches<\/th>\n<td class=\"data last\">8 \u00e0 12cm<\/td>\n<\/tr>\n<tr class=\"gewicht even\">\n<th class=\"label\">Poids<\/th>\n<td class=\"data last\">640kg<\/td>\n<\/tr>\n<tr class=\"volume odd\">\n<th class=\"label\">Le volume<\/th>\n<td class=\"data last\">1,50 m3<\/td>\n<\/tr>\n<tr class=\"material_haardstel even\">\n<th class=\"label\">Mat\u00e9riel<\/th>\n<td class=\"data last\">bouleau<\/td>\n<\/tr>\n<tr class=\"wood_type last odd\">\n<th class=\"label\">Essence<\/th>\n<td class=\"data last\">bois de bouleau<\/td>\n<\/tr>\n<\/tbody>\n<\/table>","protected":false},"featured_media":12100,"comment_status":"open","ping_status":"closed","template":"","meta":[],"product_brand":[],"product_cat":[142],"product_tag":[],"class_list":{"0":"post-13312","1":"product","2":"type-product","3":"status-publish","4":"has-post-thumbnail","6":"product_cat-bois-de-chauffage","8":"first","9":"instock","10":"shipping-taxable","11":"purchasable","12":"product-type-simple"},"_links":{"self":[{"href":"https:\/\/elite-motoculture.com\/en\/wp-json\/wp\/v2\/product\/13312","targetHints":{"allow":["GET"]}}],"collection":[{"href":"https:\/\/elite-motoculture.com\/en\/wp-json\/wp\/v2\/product"}],"about":[{"href":"https:\/\/elite-motoculture.com\/en\/wp-json\/wp\/v2\/types\/product"}],"replies":[{"embeddable":true,"href":"https:\/\/elite-motoculture.com\/en\/wp-json\/wp\/v2\/comments?post=13312"}],"wp:featuredmedia":[{"embeddable":true,"href":"https:\/\/elite-motoculture.com\/en\/wp-json\/wp\/v2\/media\/12100"}],"wp:attachment":[{"href":"https:\/\/elite-motoculture.com\/en\/wp-json\/wp\/v2\/media?parent=13312"}],"wp:term":[{"taxonomy":"product_brand","embeddable":true,"href":"https:\/\/elite-motoculture.com\/en\/wp-json\/wp\/v2\/product_brand?post=13312"},{"taxonomy":"product_cat","embeddable":true,"href":"https:\/\/elite-motoculture.com\/en\/wp-json\/wp\/v2\/product_cat?post=13312"},{"taxonomy":"product_tag","embeddable":true,"href":"https:\/\/elite-motoculture.com\/en\/wp-json\/wp\/v2\/product_tag?post=13312"}],"curies":[{"name":"wp","href":"https:\/\/api.w.org\/{rel}","templated":true}]}}