{"id":13314,"date":"2026-02-14T13:39:41","date_gmt":"2026-02-14T13:39:41","guid":{"rendered":"https:\/\/elite-motoculture.com\/?post_type=product&#038;p=13314"},"modified":"2026-02-14T13:39:43","modified_gmt":"2026-02-14T13:39:43","slug":"15-sacs-de-bois-de-bouleau-100-sec-de-8-kg-25cm","status":"publish","type":"product","link":"https:\/\/elite-motoculture.com\/en\/product\/15-sacs-de-bois-de-bouleau-100-sec-de-8-kg-25cm\/","title":{"rendered":"15 sacs de bois de bouleau 100% sec de 8 kg \u2013 25cm"},"content":{"rendered":"<p>Le bois de bouleau peut \u00eatre br\u00fbler directement et est extr\u00eamement facile \u00e0 utiliser.\u00a0Le bouleau s\u2019enflamme facilement et produit peu de fum\u00e9e.\u00a0Le bois de chauffage de bouleau a une belle flamme et ne cr\u00e9pite absolument pas.<\/p>\n<p>Le bouleau br\u00fble proprement, longtemps et ne craque pas.\u00a0Les sacs sont faciles \u00e0 soulever et prot\u00e9g\u00e9s<\/p>\n<ul>\n<li>Pr\u00eat \u00e0 br\u00fbler imm\u00e9diatement<\/li>\n<li>Humidit\u00e9 inf\u00e9rieure \u00e0 20%<\/li>\n<li>Br\u00fble facilement et longtemps<\/li>\n<li>Blocs 25cm<\/li>\n<\/ul>\n<ul>\n<li>8kg par filet<\/li>\n<li>Facile \u00e0 soulever<\/li>\n<li>Free delivery<\/li>\n<li>Pas de parasites ni de moisissures<\/li>\n<\/ul>","protected":false},"excerpt":{"rendered":"<h3>Informations suppl\u00e9mentaires<\/h3>\n<table id=\"product-attribute-specs-table\" class=\"data-table\">\n<colgroup>\n<col width=\"25%\" \/>\n<col \/><\/colgroup>\n<thead>\n<tr class=\"first last\">\n<th><\/th>\n<th><\/th>\n<\/tr>\n<\/thead>\n<tbody>\n<tr class=\"sku first odd\">\n<th class=\"label\"><\/th>\n<td class=\"data last\"><\/td>\n<\/tr>\n<tr class=\"manufacturer even\">\n<th class=\"label\">Marque<\/th>\n<td class=\"data last\">Bois de bouleau<\/td>\n<\/tr>\n<tr class=\"humidity odd\">\n<th class=\"label\">Pourcentage d\u2019humidit\u00e9<\/th>\n<td class=\"data last\">&lt; 20%<\/td>\n<\/tr>\n<tr class=\"wood_log_lenght even\">\n<th class=\"label\">Longueur des b\u00fbches<\/th>\n<td class=\"data last\">25cm<\/td>\n<\/tr>\n<tr class=\"intersection_wood_logs odd\">\n<th class=\"label\">Coupe transversale de b\u00fbches<\/th>\n<td class=\"data last\">8 \u00e0 12cm<\/td>\n<\/tr>\n<tr class=\"gewicht even\">\n<th class=\"label\">Poids<\/th>\n<td class=\"data last\">120kg<\/td>\n<\/tr>\n<tr class=\"volume odd\">\n<th class=\"label\">Le volume<\/th>\n<td class=\"data last\">0,35 m3<\/td>\n<\/tr>\n<tr class=\"material_haardstel even\">\n<th class=\"label\">Mat\u00e9riel<\/th>\n<td class=\"data last\">Bois de chauffage<\/td>\n<\/tr>\n<tr class=\"wood_type last odd\">\n<th class=\"label\">Essence<\/th>\n<td class=\"data last\">Bois de bouleau<\/td>\n<\/tr>\n<\/tbody>\n<\/table>","protected":false},"featured_media":12102,"comment_status":"open","ping_status":"closed","template":"","meta":[],"product_brand":[],"product_cat":[142],"product_tag":[],"class_list":{"0":"post-13314","1":"product","2":"type-product","3":"status-publish","4":"has-post-thumbnail","6":"product_cat-bois-de-chauffage","8":"first","9":"instock","10":"shipping-taxable","11":"purchasable","12":"product-type-simple"},"_links":{"self":[{"href":"https:\/\/elite-motoculture.com\/en\/wp-json\/wp\/v2\/product\/13314","targetHints":{"allow":["GET"]}}],"collection":[{"href":"https:\/\/elite-motoculture.com\/en\/wp-json\/wp\/v2\/product"}],"about":[{"href":"https:\/\/elite-motoculture.com\/en\/wp-json\/wp\/v2\/types\/product"}],"replies":[{"embeddable":true,"href":"https:\/\/elite-motoculture.com\/en\/wp-json\/wp\/v2\/comments?post=13314"}],"wp:featuredmedia":[{"embeddable":true,"href":"https:\/\/elite-motoculture.com\/en\/wp-json\/wp\/v2\/media\/12102"}],"wp:attachment":[{"href":"https:\/\/elite-motoculture.com\/en\/wp-json\/wp\/v2\/media?parent=13314"}],"wp:term":[{"taxonomy":"product_brand","embeddable":true,"href":"https:\/\/elite-motoculture.com\/en\/wp-json\/wp\/v2\/product_brand?post=13314"},{"taxonomy":"product_cat","embeddable":true,"href":"https:\/\/elite-motoculture.com\/en\/wp-json\/wp\/v2\/product_cat?post=13314"},{"taxonomy":"product_tag","embeddable":true,"href":"https:\/\/elite-motoculture.com\/en\/wp-json\/wp\/v2\/product_tag?post=13314"}],"curies":[{"name":"wp","href":"https:\/\/api.w.org\/{rel}","templated":true}]}}