{"id":13315,"date":"2026-02-14T13:39:41","date_gmt":"2026-02-14T13:39:41","guid":{"rendered":"https:\/\/elite-motoculture.com\/?post_type=product&#038;p=13315"},"modified":"2026-02-14T13:39:43","modified_gmt":"2026-02-14T13:39:43","slug":"40-sacs-de-bois-daulne-2-m3-25cm","status":"publish","type":"product","link":"https:\/\/elite-motoculture.com\/en\/product\/40-sacs-de-bois-daulne-2-m3-25cm\/","title":{"rendered":"40 sacs de bois d\u2019aulne \u2013 2 m3 \u2013 25cm"},"content":{"rendered":"<p><strong>L\u2019aulne produit peu de fum\u00e9e et n\u2019\u00e9clabousse pas.<\/strong><\/p>\n<ul>\n<li>Pratique dans des sacs en filet<\/li>\n<li>Blocs de 25cm<\/li>\n<li>Humidit\u00e9 inf\u00e9rieure \u00e0 20%<\/li>\n<li>Beau jeu de flamme<\/li>\n<\/ul>\n<ul>\n<li>Br\u00fble facilement<\/li>\n<li>Pour tous les po\u00eales<\/li>\n<li>Peut \u00eatre renvoy\u00e9 imm\u00e9diatement<\/li>\n<li>Free delivery<\/li>\n<\/ul>","protected":false},"excerpt":{"rendered":"<h3>Informations suppl\u00e9mentaires<\/h3>\n<table id=\"product-attribute-specs-table\" class=\"data-table\">\n<colgroup>\n<col width=\"25%\" \/>\n<col \/><\/colgroup>\n<thead>\n<tr class=\"first last\">\n<th><\/th>\n<th><\/th>\n<\/tr>\n<\/thead>\n<tbody>\n<tr class=\"sku first odd\">\n<th class=\"label\"><\/th>\n<td class=\"data last\"><\/td>\n<\/tr>\n<tr class=\"manufacturer even\">\n<th class=\"label\">Marque<\/th>\n<td class=\"data last\">bois d\u2019aulne<\/td>\n<\/tr>\n<tr class=\"humidity odd\">\n<th class=\"label\">Pourcentage d\u2019humidit\u00e9<\/th>\n<td class=\"data last\">&lt; 20%<\/td>\n<\/tr>\n<tr class=\"wood_log_lenght even\">\n<th class=\"label\">Longueur des b\u00fbches<\/th>\n<td class=\"data last\">25cm<\/td>\n<\/tr>\n<tr class=\"intersection_wood_logs odd\">\n<th class=\"label\">Coupe transversale de b\u00fbches<\/th>\n<td class=\"data last\">8 \u00e0 12cm<\/td>\n<\/tr>\n<tr class=\"gewicht even\">\n<th class=\"label\">Poids<\/th>\n<td class=\"data last\">320 kilogrammes<\/td>\n<\/tr>\n<tr class=\"volume odd\">\n<th class=\"label\">Le volume<\/th>\n<td class=\"data last\">0,70 m3<\/td>\n<\/tr>\n<tr class=\"material_haardstel even\">\n<th class=\"label\">Mat\u00e9riel<\/th>\n<td class=\"data last\">bois d\u2019aulne<\/td>\n<\/tr>\n<tr class=\"wood_type last odd\">\n<th class=\"label\">Essence<\/th>\n<td class=\"data last\">bois d\u2019aulne<\/td>\n<\/tr>\n<\/tbody>\n<\/table>","protected":false},"featured_media":12103,"comment_status":"open","ping_status":"closed","template":"","meta":[],"product_brand":[],"product_cat":[142],"product_tag":[],"class_list":{"0":"post-13315","1":"product","2":"type-product","3":"status-publish","4":"has-post-thumbnail","6":"product_cat-bois-de-chauffage","8":"first","9":"instock","10":"shipping-taxable","11":"purchasable","12":"product-type-simple"},"_links":{"self":[{"href":"https:\/\/elite-motoculture.com\/en\/wp-json\/wp\/v2\/product\/13315","targetHints":{"allow":["GET"]}}],"collection":[{"href":"https:\/\/elite-motoculture.com\/en\/wp-json\/wp\/v2\/product"}],"about":[{"href":"https:\/\/elite-motoculture.com\/en\/wp-json\/wp\/v2\/types\/product"}],"replies":[{"embeddable":true,"href":"https:\/\/elite-motoculture.com\/en\/wp-json\/wp\/v2\/comments?post=13315"}],"wp:featuredmedia":[{"embeddable":true,"href":"https:\/\/elite-motoculture.com\/en\/wp-json\/wp\/v2\/media\/12103"}],"wp:attachment":[{"href":"https:\/\/elite-motoculture.com\/en\/wp-json\/wp\/v2\/media?parent=13315"}],"wp:term":[{"taxonomy":"product_brand","embeddable":true,"href":"https:\/\/elite-motoculture.com\/en\/wp-json\/wp\/v2\/product_brand?post=13315"},{"taxonomy":"product_cat","embeddable":true,"href":"https:\/\/elite-motoculture.com\/en\/wp-json\/wp\/v2\/product_cat?post=13315"},{"taxonomy":"product_tag","embeddable":true,"href":"https:\/\/elite-motoculture.com\/en\/wp-json\/wp\/v2\/product_tag?post=13315"}],"curies":[{"name":"wp","href":"https:\/\/api.w.org\/{rel}","templated":true}]}}