{"id":13316,"date":"2026-02-14T13:39:41","date_gmt":"2026-02-14T13:39:41","guid":{"rendered":"https:\/\/elite-motoculture.com\/?post_type=product&#038;p=13316"},"modified":"2026-02-14T13:39:43","modified_gmt":"2026-02-14T13:39:43","slug":"40-sacs-de-bois-sec-100-frene-8-kg","status":"publish","type":"product","link":"https:\/\/elite-motoculture.com\/en\/product\/40-sacs-de-bois-sec-100-frene-8-kg\/","title":{"rendered":"40 sacs de bois sec \u2013 100% fr\u00eane \u2013 8 kg"},"content":{"rendered":"<div class=\"elementor-element elementor-element-1caffc0 elementor-widget elementor-widget-wd_title\" data-id=\"1caffc0\" data-element_type=\"widget\" data-widget_type=\"wd_title.default\">\n<div class=\"elementor-widget-container\">\n<div class=\"title-wrapper set-mb-s reset-last-child wd-title-color-default wd-title-style-default wd-title-size-default text-left\">\n<div class=\"liner-continer\">\n<h4 class=\"woodmart-title-container title wd-fontsize-l\">Description<\/h4>\n<\/div>\n<\/div>\n<\/div>\n<\/div>\n<div class=\"elementor-element elementor-element-e24b901 wd-single-content elementor-widget elementor-widget-wd_single_product_content\" data-id=\"e24b901\" data-element_type=\"widget\" data-widget_type=\"wd_single_product_content.default\">\n<div class=\"elementor-widget-container\">\n<p>Le bois de fr\u00eane peut \u00eatre compar\u00e9 au bois de chauffage de ch\u00eane.<\/p>\n<p>Le bois de fr\u00eane est tout aussi dur et a une combustion lente.\u00a0L\u2019avantage du fr\u00eane est que ce bois ne contient pas d\u2019acides.\u00a0Cela vous donne une flamme silencieuse et le bois n\u2019\u00e9clabousse absolument pas.\u00a0La cendre bien s\u00e9ch\u00e9e est un r\u00e9gal pour les yeux.<\/p>\n<p>Les cendres s\u2019enflamment facilement et br\u00fblent proprement.\u00a0Le bois de fr\u00eane a un rendement tr\u00e8s \u00e9lev\u00e9 et ne fume pas.\u00a0Il est recommand\u00e9 d\u2019utiliser du petit bois et des allume-feu pour allumer le feu.\u00a0Cela emp\u00eache l\u2019encombrement inutile de fum\u00e9e et de suie dans votre po\u00eale.<\/p>\n<\/div>\n<\/div>","protected":false},"excerpt":{"rendered":"<h3>Informations suppl\u00e9mentaires<\/h3>\n<table id=\"product-attribute-specs-table\" class=\"data-table\">\n<colgroup>\n<col width=\"25%\" \/>\n<col \/><\/colgroup>\n<thead>\n<tr class=\"first last\">\n<th><\/th>\n<th><\/th>\n<\/tr>\n<\/thead>\n<tbody>\n<tr class=\"sku first odd\">\n<th class=\"label\">Num\u00e9ro de l\u2019article<\/th>\n<td class=\"data last\"><\/td>\n<\/tr>\n<tr class=\"manufacturer even\">\n<th class=\"label\">Marque<\/th>\n<td class=\"data last\">bois de fr\u00eane<\/td>\n<\/tr>\n<tr class=\"afmetingen odd\">\n<th class=\"label\">Dimensions (H x L x P)<\/th>\n<td class=\"data last\">1,00x 1,20x 0,85m<\/td>\n<\/tr>\n<tr class=\"humidity even\">\n<th class=\"label\">Pourcentage d\u2019humidit\u00e9<\/th>\n<td class=\"data last\">&lt; 20%<\/td>\n<\/tr>\n<tr class=\"wood_log_lenght odd\">\n<th class=\"label\">Longueur des b\u00fbches<\/th>\n<td class=\"data last\">25cm<\/td>\n<\/tr>\n<tr class=\"intersection_wood_logs even\">\n<th class=\"label\">Coupe transversale de b\u00fbches<\/th>\n<td class=\"data last\">8 \u00e0 12cm<\/td>\n<\/tr>\n<tr class=\"gewicht odd\">\n<th class=\"label\">Poids<\/th>\n<td class=\"data last\">320 kilogrammes<\/td>\n<\/tr>\n<tr class=\"volume even\">\n<th class=\"label\">Le volume<\/th>\n<td class=\"data last\">0,70 m3<\/td>\n<\/tr>\n<tr class=\"material_haardstel odd\">\n<th class=\"label\">Mat\u00e9riel<\/th>\n<td class=\"data last\">bois de fr\u00eane<\/td>\n<\/tr>\n<tr class=\"wood_type last even\">\n<th class=\"label\">Essence<\/th>\n<td class=\"data last\">bois de fr\u00eane<\/td>\n<\/tr>\n<\/tbody>\n<\/table>","protected":false},"featured_media":12104,"comment_status":"open","ping_status":"closed","template":"","meta":[],"product_brand":[],"product_cat":[142],"product_tag":[],"class_list":{"0":"post-13316","1":"product","2":"type-product","3":"status-publish","4":"has-post-thumbnail","6":"product_cat-bois-de-chauffage","8":"first","9":"instock","10":"shipping-taxable","11":"purchasable","12":"product-type-simple"},"_links":{"self":[{"href":"https:\/\/elite-motoculture.com\/en\/wp-json\/wp\/v2\/product\/13316","targetHints":{"allow":["GET"]}}],"collection":[{"href":"https:\/\/elite-motoculture.com\/en\/wp-json\/wp\/v2\/product"}],"about":[{"href":"https:\/\/elite-motoculture.com\/en\/wp-json\/wp\/v2\/types\/product"}],"replies":[{"embeddable":true,"href":"https:\/\/elite-motoculture.com\/en\/wp-json\/wp\/v2\/comments?post=13316"}],"wp:featuredmedia":[{"embeddable":true,"href":"https:\/\/elite-motoculture.com\/en\/wp-json\/wp\/v2\/media\/12104"}],"wp:attachment":[{"href":"https:\/\/elite-motoculture.com\/en\/wp-json\/wp\/v2\/media?parent=13316"}],"wp:term":[{"taxonomy":"product_brand","embeddable":true,"href":"https:\/\/elite-motoculture.com\/en\/wp-json\/wp\/v2\/product_brand?post=13316"},{"taxonomy":"product_cat","embeddable":true,"href":"https:\/\/elite-motoculture.com\/en\/wp-json\/wp\/v2\/product_cat?post=13316"},{"taxonomy":"product_tag","embeddable":true,"href":"https:\/\/elite-motoculture.com\/en\/wp-json\/wp\/v2\/product_tag?post=13316"}],"curies":[{"name":"wp","href":"https:\/\/api.w.org\/{rel}","templated":true}]}}