{"id":13448,"date":"2026-02-14T13:40:13","date_gmt":"2026-02-14T13:40:13","guid":{"rendered":"https:\/\/elite-motoculture.com\/?post_type=product&#038;p=13448"},"modified":"2026-02-14T13:40:17","modified_gmt":"2026-02-14T13:40:17","slug":"vtt-orbea-onna-50-29%e2%80%b3-shimano-2x8v-2022","status":"publish","type":"product","link":"https:\/\/elite-motoculture.com\/en\/product\/vtt-orbea-onna-50-29%e2%80%b3-shimano-2x8v-2022\/","title":{"rendered":"VTT Orbea Onna 50 29\u2033 Shimano 2x8V 2022"},"content":{"rendered":"<p>VTT Orbea Onna 50, 29\u2033, Shimano 2\u00d78 vitesses<\/p>\n<p>&nbsp;<\/p>\n<p>Cadre : Orbea Onna, Aluminium, Axe arri\u00e8re : 9\u00d7135 mm, Bo\u00eetier de p\u00e9dalier BSA, C\u00e2blerie interne<\/p>\n<p>Fourche : SR Suntour XCE 28, Ressort, D\u00e9battement : 100 mm<\/p>\n<p>Plateau : Aluminium forg\u00e9, 22-36 dents<\/p>\n<p>Jeu de direction : 1 1\/8, semi-int\u00e9gr\u00e9<\/p>\n<p>Cintre : Aluminium, plat, 31, 8 mm, Longueur : 720 mm<\/p>\n<p>Potence : Aluminium, 31, 8 mm, Angle : 7\u00b0<\/p>\n<p>Manettes : Microshift TS38<\/p>\n<p>Freins \u00e0 disque hydrauliques : Shimano MT 200<\/p>\n<p>Cassette : Sun Race, 8 vitesses, 11-34 dents<\/p>\n<p>D\u00e9railleur arri\u00e8re : Shimano Tourney TX800<\/p>\n<p>&nbsp;<\/p>","protected":false},"excerpt":{"rendered":"<p>D\u00e9railleur avant : ShimanoM315, 31, 8 mm<\/p>\n<p>Cha\u00eene : KMC X8<\/p>\n<p>Roues : Mach1 ER20, 19c<\/p>\n<p>Pneus : Kenda K1153, 29\u00d72, 35\u2033, 22 TPI<\/p>\n<p>Tige de selle : Aluminium, 27, 2 mm, Recul : 0<\/p>\n<p>Selle : Essax Adv soft, 135 mm pour Orbea<\/p>","protected":false},"featured_media":12381,"comment_status":"open","ping_status":"closed","template":"","meta":[],"product_brand":[],"product_cat":[145],"product_tag":[],"class_list":{"0":"post-13448","1":"product","2":"type-product","3":"status-publish","4":"has-post-thumbnail","6":"product_cat-velo-vtt","8":"first","9":"instock","10":"shipping-taxable","11":"purchasable","12":"product-type-simple"},"_links":{"self":[{"href":"https:\/\/elite-motoculture.com\/en\/wp-json\/wp\/v2\/product\/13448","targetHints":{"allow":["GET"]}}],"collection":[{"href":"https:\/\/elite-motoculture.com\/en\/wp-json\/wp\/v2\/product"}],"about":[{"href":"https:\/\/elite-motoculture.com\/en\/wp-json\/wp\/v2\/types\/product"}],"replies":[{"embeddable":true,"href":"https:\/\/elite-motoculture.com\/en\/wp-json\/wp\/v2\/comments?post=13448"}],"wp:featuredmedia":[{"embeddable":true,"href":"https:\/\/elite-motoculture.com\/en\/wp-json\/wp\/v2\/media\/12381"}],"wp:attachment":[{"href":"https:\/\/elite-motoculture.com\/en\/wp-json\/wp\/v2\/media?parent=13448"}],"wp:term":[{"taxonomy":"product_brand","embeddable":true,"href":"https:\/\/elite-motoculture.com\/en\/wp-json\/wp\/v2\/product_brand?post=13448"},{"taxonomy":"product_cat","embeddable":true,"href":"https:\/\/elite-motoculture.com\/en\/wp-json\/wp\/v2\/product_cat?post=13448"},{"taxonomy":"product_tag","embeddable":true,"href":"https:\/\/elite-motoculture.com\/en\/wp-json\/wp\/v2\/product_tag?post=13448"}],"curies":[{"name":"wp","href":"https:\/\/api.w.org\/{rel}","templated":true}]}}