{"id":13498,"date":"2026-02-14T13:40:30","date_gmt":"2026-02-14T13:40:30","guid":{"rendered":"https:\/\/elite-motoculture.com\/?post_type=product&#038;p=13498"},"modified":"2026-02-14T13:40:32","modified_gmt":"2026-02-14T13:40:32","slug":"aspirateur-traineau-avec-sac-philips-fc-8575-09","status":"publish","type":"product","link":"https:\/\/elite-motoculture.com\/en\/product\/aspirateur-traineau-avec-sac-philips-fc-8575-09\/","title":{"rendered":"Aspirateur traineau avec sac PHILIPS FC 8575\/09"},"content":{"rendered":"<div class=\"elementor-element elementor-element-1caffc0 elementor-widget elementor-widget-wd_title\" data-id=\"1caffc0\" data-element_type=\"widget\" data-widget_type=\"wd_title.default\">\n<div class=\"elementor-widget-container\">\n<div class=\"title-wrapper set-mb-s reset-last-child wd-title-color-default wd-title-style-default wd-title-size-default text-left\">\n<div class=\"liner-continer\">\n<h4 class=\"woodmart-title-container title wd-fontsize-l\">Description<\/h4>\n<\/div>\n<\/div>\n<\/div>\n<\/div>\n<div class=\"elementor-element elementor-element-e24b901 wd-single-content elementor-widget elementor-widget-wd_single_product_content\" data-id=\"e24b901\" data-element_type=\"widget\" data-widget_type=\"wd_single_product_content.default\">\n<div class=\"elementor-widget-container\">\n<table class=\"characteristics-table\">\n<tbody>\n<tr>\n<td class=\"characteristics-title\" colspan=\"2\">GENERAL<\/td>\n<\/tr>\n<tr>\n<td class=\"characteristics-label\">Type<\/td>\n<td class=\"characteristics-value\">Aspirateur traineau avec sac<\/td>\n<\/tr>\n<tr>\n<td class=\"characteristics-label\">Gamme<\/td>\n<td class=\"characteristics-value\">Performer Active<\/td>\n<\/tr>\n<tr>\n<td class=\"characteristics-label\">Sac \/ Sans sac<\/td>\n<td class=\"characteristics-value\">Sac<\/td>\n<\/tr>\n<tr>\n<td class=\"characteristics-label\">Eau et poussi\u00e8re<\/td>\n<td class=\"characteristics-value\">Non<\/td>\n<\/tr>\n<tr>\n<td class=\"characteristics-label\">Capacit\u00e9 max. poussi\u00e8re (L)<\/td>\n<td class=\"characteristics-value\">4<\/td>\n<\/tr>\n<tr>\n<td class=\"characteristics-label\">Rayon d\u2019action (m)<\/td>\n<td class=\"characteristics-value\">9<\/td>\n<\/tr>\n<tr>\n<td class=\"characteristics-label\">Divers<\/td>\n<td class=\"characteristics-value\">Technologie AirflowMax<\/td>\n<\/tr>\n<tr>\n<td class=\"characteristics-label\">Couleur<\/td>\n<td class=\"characteristics-value\">Bleu<\/td>\n<\/tr>\n<tr>\n<td class=\"characteristics-label\">Finition \/ Nuance<\/td>\n<td class=\"characteristics-value\">Bleu fonc\u00e9<\/td>\n<\/tr>\n<tr>\n<td class=\"characteristics-title\" colspan=\"2\">PERFORMANCES<\/td>\n<\/tr>\n<tr>\n<td class=\"characteristics-label\">Puissance (W)<\/td>\n<td class=\"characteristics-value\">650<\/td>\n<\/tr>\n<tr>\n<td class=\"characteristics-label\">Niveau sonore (dB)<\/td>\n<td class=\"characteristics-value\">77<\/td>\n<\/tr>\n<tr>\n<td class=\"characteristics-label\">D\u00e9pression (kpa)<\/td>\n<td class=\"characteristics-value\">17.5 kpa<\/td>\n<\/tr>\n<tr>\n<td class=\"characteristics-label\">D\u00e9bit d\u2019air (dm3\/s)<\/td>\n<td class=\"characteristics-value\">32.17<\/td>\n<\/tr>\n<tr>\n<td class=\"characteristics-title\" colspan=\"2\">FILTRATION<\/td>\n<\/tr>\n<tr>\n<td class=\"characteristics-label\">Filtre HEPA<\/td>\n<td class=\"characteristics-value\">Non<\/td>\n<\/tr>\n<tr>\n<td class=\"characteristics-label\">Syst\u00e8me de filtrage<\/td>\n<td class=\"characteristics-value\">Filtre anti-allerg\u00e8nes, microfiltre<\/td>\n<\/tr>\n<tr>\n<td class=\"characteristics-title\" colspan=\"2\">FONCTIONS<\/td>\n<\/tr>\n<tr>\n<td class=\"characteristics-label\">Fonction laveur<\/td>\n<td class=\"characteristics-value\">Non<\/td>\n<\/tr>\n<tr>\n<td class=\"characteristics-label\">Variateur de puissance<\/td>\n<td class=\"characteristics-value\">Oui<\/td>\n<\/tr>\n<tr>\n<td class=\"characteristics-label\">Type de variateur de puissance<\/td>\n<td class=\"characteristics-value\">Bouton rotatif<\/td>\n<\/tr>\n<tr>\n<td class=\"characteristics-title\" colspan=\"2\">EQUIPEMENTS<\/td>\n<\/tr>\n<tr>\n<td class=\"characteristics-label\">Tube t\u00e9lescopique<\/td>\n<td class=\"characteristics-value\">Oui<\/td>\n<\/tr>\n<tr>\n<td class=\"characteristics-label\">Mati\u00e8re tube<\/td>\n<td class=\"characteristics-value\">M\u00e9tal<\/td>\n<\/tr>\n<tr>\n<td class=\"characteristics-label\">Enrouleur auto. de cordon<\/td>\n<td class=\"characteristics-value\">Oui<\/td>\n<\/tr>\n<tr>\n<td class=\"characteristics-label\">Poign\u00e9e(s) de transport<\/td>\n<td class=\"characteristics-value\">Oui (x1)<\/td>\n<\/tr>\n<tr>\n<td class=\"characteristics-label\">Type de roulettes<\/td>\n<td class=\"characteristics-value\">Caoutchouc<\/td>\n<\/tr>\n<tr>\n<td class=\"characteristics-label\">Pare-chocs<\/td>\n<td class=\"characteristics-value\">Souple<\/td>\n<\/tr>\n<tr>\n<td class=\"characteristics-label\">Autre(s) \u00e9quipement(s)<\/td>\n<td class=\"characteristics-value\">Verrouillage ActiveLock<\/td>\n<\/tr>\n<tr>\n<td class=\"characteristics-title\" colspan=\"2\">ACCESSOIRES<\/td>\n<\/tr>\n<tr>\n<td class=\"characteristics-label\">Type de brosse principale<\/td>\n<td class=\"characteristics-value\">Brosse TriActive+<\/td>\n<\/tr>\n<tr>\n<td class=\"characteristics-label\">Brosse sp\u00e9ciale parquet<\/td>\n<td class=\"characteristics-value\">Non<\/td>\n<\/tr>\n<tr>\n<td class=\"characteristics-label\">Brosse sp\u00e9ciale sols durs<\/td>\n<td class=\"characteristics-value\">Oui<\/td>\n<\/tr>\n<tr>\n<td class=\"characteristics-label\">Brosse combin\u00e9e parquet \/ sols durs<\/td>\n<td class=\"characteristics-value\">Non<\/td>\n<\/tr>\n<tr>\n<td class=\"characteristics-label\">Turbo Brosse<\/td>\n<td class=\"characteristics-value\">Non<\/td>\n<\/tr>\n<tr>\n<td class=\"characteristics-label\">Brosse poils animaux<\/td>\n<td class=\"characteristics-value\">Non<\/td>\n<\/tr>\n<tr>\n<td class=\"characteristics-label\">Type de suceur(s) inclus<\/td>\n<td class=\"characteristics-value\">Suceur plat<\/td>\n<\/tr>\n<tr>\n<td class=\"characteristics-label\">Accessoire(s) suppl\u00e9mentaire(s)<\/td>\n<td class=\"characteristics-value\">Brosse int\u00e9gr\u00e9e<\/td>\n<\/tr>\n<tr>\n<td class=\"characteristics-title\" colspan=\"2\">ACCESSOIRES EN OPTION<\/td>\n<\/tr>\n<tr>\n<td class=\"characteristics-label\">R\u00e9f. du sac (en option)<\/td>\n<td class=\"characteristics-value\">S-bag Classic Long Performance<\/td>\n<\/tr>\n<tr>\n<td class=\"characteristics-title\" colspan=\"2\">DIMENSIONS &amp; POIDS<\/td>\n<\/tr>\n<tr>\n<td class=\"characteristics-label\">Longueur du c\u00e2ble (m)<\/td>\n<td class=\"characteristics-value\">6<\/td>\n<\/tr>\n<tr>\n<td class=\"characteristics-label\">Dimensions du corps (cm)<\/td>\n<td class=\"characteristics-value\">23.4 x 44.7 x 30.4<\/td>\n<\/tr>\n<tr>\n<td class=\"characteristics-label\">Poids (kg)<\/td>\n<td class=\"characteristics-value\">5.2<\/td>\n<\/tr>\n<tr>\n<td class=\"characteristics-title\" colspan=\"2\">PIECES DETACHEES ET REPARABILITES<\/td>\n<\/tr>\n<tr>\n<td class=\"characteristics-label\">Disponibilit\u00e9 pi\u00e8ces d\u00e9tach\u00e9es (an)<\/td>\n<td class=\"characteristics-value\">005<\/td>\n<\/tr>\n<tr>\n<td class=\"characteristics-label\">Date d\u2019effet<\/td>\n<td class=\"characteristics-value\">Fin de periode de garantie (Hors Produits echangeables).<\/td>\n<\/tr>\n<\/tbody>\n<\/table>\n<\/div>\n<\/div>","protected":false},"excerpt":{"rendered":"<p>Description GENERAL Type Aspirateur traineau avec sac Gamme Performer Active Sac \/ Sans sac Sac Eau et poussi\u00e8re Non Capacit\u00e9<\/p>","protected":false},"featured_media":12488,"comment_status":"open","ping_status":"closed","template":"","meta":[],"product_brand":[],"product_cat":[150],"product_tag":[],"class_list":{"0":"post-13498","1":"product","2":"type-product","3":"status-publish","4":"has-post-thumbnail","6":"product_cat-aspirateur-et-nettoyeur","8":"first","9":"instock","10":"shipping-taxable","11":"purchasable","12":"product-type-simple"},"_links":{"self":[{"href":"https:\/\/elite-motoculture.com\/en\/wp-json\/wp\/v2\/product\/13498","targetHints":{"allow":["GET"]}}],"collection":[{"href":"https:\/\/elite-motoculture.com\/en\/wp-json\/wp\/v2\/product"}],"about":[{"href":"https:\/\/elite-motoculture.com\/en\/wp-json\/wp\/v2\/types\/product"}],"replies":[{"embeddable":true,"href":"https:\/\/elite-motoculture.com\/en\/wp-json\/wp\/v2\/comments?post=13498"}],"wp:featuredmedia":[{"embeddable":true,"href":"https:\/\/elite-motoculture.com\/en\/wp-json\/wp\/v2\/media\/12488"}],"wp:attachment":[{"href":"https:\/\/elite-motoculture.com\/en\/wp-json\/wp\/v2\/media?parent=13498"}],"wp:term":[{"taxonomy":"product_brand","embeddable":true,"href":"https:\/\/elite-motoculture.com\/en\/wp-json\/wp\/v2\/product_brand?post=13498"},{"taxonomy":"product_cat","embeddable":true,"href":"https:\/\/elite-motoculture.com\/en\/wp-json\/wp\/v2\/product_cat?post=13498"},{"taxonomy":"product_tag","embeddable":true,"href":"https:\/\/elite-motoculture.com\/en\/wp-json\/wp\/v2\/product_tag?post=13498"}],"curies":[{"name":"wp","href":"https:\/\/api.w.org\/{rel}","templated":true}]}}