{"id":13572,"date":"2026-02-14T13:40:46","date_gmt":"2026-02-14T13:40:46","guid":{"rendered":"https:\/\/elite-motoculture.com\/?post_type=product&#038;p=13572"},"modified":"2026-02-14T13:40:51","modified_gmt":"2026-02-14T13:40:51","slug":"broyeur-cafe-scott-20202","status":"publish","type":"product","link":"https:\/\/elite-motoculture.com\/en\/product\/broyeur-cafe-scott-20202\/","title":{"rendered":"Broyeur caf\u00e9 SCOTT 20202"},"content":{"rendered":"<div class=\"elementor-element elementor-element-1caffc0 elementor-widget elementor-widget-wd_title\" data-id=\"1caffc0\" data-element_type=\"widget\" data-widget_type=\"wd_title.default\">\n<div class=\"elementor-widget-container\">\n<div class=\"title-wrapper set-mb-s reset-last-child wd-title-color-default wd-title-style-default wd-title-size-default text-left\">\n<div class=\"liner-continer\">\n<h4 class=\"woodmart-title-container title wd-fontsize-l\">Description<\/h4>\n<\/div>\n<\/div>\n<\/div>\n<\/div>\n<div class=\"elementor-element elementor-element-e24b901 wd-single-content elementor-widget elementor-widget-wd_single_product_content\" data-id=\"e24b901\" data-element_type=\"widget\" data-widget_type=\"wd_single_product_content.default\">\n<div class=\"elementor-widget-container\">\n<table class=\"characteristics-table\">\n<tbody>\n<tr>\n<td class=\"characteristics-title\" colspan=\"2\">GENERAL<\/td>\n<\/tr>\n<tr>\n<td class=\"characteristics-label\">Type<\/td>\n<td class=\"characteristics-value\">Broyeur caf\u00e9<\/td>\n<\/tr>\n<tr>\n<td class=\"characteristics-label\">Gamme<\/td>\n<td class=\"characteristics-value\">Slimissimo<\/td>\n<\/tr>\n<tr>\n<td class=\"characteristics-label\">Type de cafeti\u00e8re<\/td>\n<td class=\"characteristics-value\">Expresso caf\u00e9 en grains<\/td>\n<\/tr>\n<tr>\n<td class=\"characteristics-label\">Type de boissons<\/td>\n<td class=\"characteristics-value\">Expresso, Lungo, Eau chaude<\/td>\n<\/tr>\n<tr>\n<td class=\"characteristics-label\">Compatible caf\u00e9 moulu et dosettes<\/td>\n<td class=\"characteristics-value\">Non<\/td>\n<\/tr>\n<tr>\n<td class=\"characteristics-label\">Puissance (W)<\/td>\n<td class=\"characteristics-value\">1470<\/td>\n<\/tr>\n<tr>\n<td class=\"characteristics-label\">Pression (bar)<\/td>\n<td class=\"characteristics-value\">19<\/td>\n<\/tr>\n<tr>\n<td class=\"characteristics-label\">Couleur<\/td>\n<td class=\"characteristics-value\">Noir<\/td>\n<\/tr>\n<tr>\n<td class=\"characteristics-title\" colspan=\"2\">EQUIPEMENTS<\/td>\n<\/tr>\n<tr>\n<td class=\"characteristics-label\">Capacit\u00e9 du r\u00e9servoir (L)<\/td>\n<td class=\"characteristics-value\">1.2<\/td>\n<\/tr>\n<tr>\n<td class=\"characteristics-label\">Capacit\u00e9 bac \u00e0 grains (g)<\/td>\n<td class=\"characteristics-value\">150<\/td>\n<\/tr>\n<tr>\n<td class=\"characteristics-label\">Type de broyeur<\/td>\n<td class=\"characteristics-value\">Acier inoxydable<\/td>\n<\/tr>\n<tr>\n<td class=\"characteristics-label\">Bec verseur ajustable<\/td>\n<td class=\"characteristics-value\">Oui<\/td>\n<\/tr>\n<tr>\n<td class=\"characteristics-title\" colspan=\"2\">FONCTIONS<\/td>\n<\/tr>\n<tr>\n<td class=\"characteristics-label\">D\u00e9part programmable<\/td>\n<td class=\"characteristics-value\">Non<\/td>\n<\/tr>\n<tr>\n<td class=\"characteristics-label\">Degr\u00e9 de mouture r\u00e9glable<\/td>\n<td class=\"characteristics-value\">Oui (5 niveaux)<\/td>\n<\/tr>\n<tr>\n<td class=\"characteristics-label\">Autre(s) fonction(s)<\/td>\n<td class=\"characteristics-value\">M\u00e9morisation des programmes, Fonction d\u00e9tartrage<\/td>\n<\/tr>\n<tr>\n<td class=\"characteristics-title\" colspan=\"2\">ECRAN &amp; AFFICHAGE<\/td>\n<\/tr>\n<tr>\n<td class=\"characteristics-label\">Ecran<\/td>\n<td class=\"characteristics-value\">Non<\/td>\n<\/tr>\n<tr>\n<td class=\"characteristics-label\">Autres<\/td>\n<td class=\"characteristics-value\">Interface tactile<\/td>\n<\/tr>\n<tr>\n<td class=\"characteristics-title\" colspan=\"2\">TOUCHES \/ OPTIONS<\/td>\n<\/tr>\n<tr>\n<td class=\"characteristics-label\">Type de commande(s)<\/td>\n<td class=\"characteristics-value\">Interface tactile (pictogramme)<\/td>\n<\/tr>\n<tr>\n<td class=\"characteristics-title\" colspan=\"2\">SECURITES<\/td>\n<\/tr>\n<tr>\n<td class=\"characteristics-label\">Arr\u00eat automatique<\/td>\n<td class=\"characteristics-value\">N\/C<\/td>\n<\/tr>\n<tr>\n<td class=\"characteristics-title\" colspan=\"2\">ACCESSOIRES<\/td>\n<\/tr>\n<tr>\n<td class=\"characteristics-label\">Accessoire(s) inclus<\/td>\n<td class=\"characteristics-value\">Sachets de d\u00e9tartrage et brossette de nettoyage<\/td>\n<\/tr>\n<tr>\n<td class=\"characteristics-title\" colspan=\"2\">DIMENSIONS &amp; POIDS<\/td>\n<\/tr>\n<tr>\n<td class=\"characteristics-label\">Dimensions (cm)<\/td>\n<td class=\"characteristics-value\">31.5 x 18 x 39.5<\/td>\n<\/tr>\n<tr>\n<td class=\"characteristics-label\">Poids (kg)<\/td>\n<td class=\"characteristics-value\">7.5<\/td>\n<\/tr>\n<tr>\n<td class=\"characteristics-title\" colspan=\"2\">PIECES DETACHEES ET REPARABILITES<\/td>\n<\/tr>\n<tr>\n<td class=\"characteristics-label\">Date d\u2019effet<\/td>\n<td class=\"characteristics-value\">Non communiquee<\/td>\n<\/tr>\n<tr>\n<td class=\"characteristics-label\">Disponibilit\u00e9 pi\u00e8ces d\u00e9tach\u00e9es (an)<\/td>\n<td class=\"characteristics-value\">Non communiquee<\/td>\n<\/tr>\n<\/tbody>\n<\/table>\n<\/div>\n<\/div>","protected":false},"excerpt":{"rendered":"<p>Description GENERAL Type Broyeur caf\u00e9 Gamme Slimissimo Type de cafeti\u00e8re Expresso caf\u00e9 en grains Type de boissons Expresso, Lungo, Eau<\/p>","protected":false},"featured_media":12620,"comment_status":"open","ping_status":"closed","template":"","meta":[],"product_brand":[],"product_cat":[161],"product_tag":[],"class_list":{"0":"post-13572","1":"product","2":"type-product","3":"status-publish","4":"has-post-thumbnail","6":"product_cat-expresso-broyeur","8":"first","9":"instock","10":"shipping-taxable","11":"purchasable","12":"product-type-simple"},"_links":{"self":[{"href":"https:\/\/elite-motoculture.com\/en\/wp-json\/wp\/v2\/product\/13572","targetHints":{"allow":["GET"]}}],"collection":[{"href":"https:\/\/elite-motoculture.com\/en\/wp-json\/wp\/v2\/product"}],"about":[{"href":"https:\/\/elite-motoculture.com\/en\/wp-json\/wp\/v2\/types\/product"}],"replies":[{"embeddable":true,"href":"https:\/\/elite-motoculture.com\/en\/wp-json\/wp\/v2\/comments?post=13572"}],"wp:featuredmedia":[{"embeddable":true,"href":"https:\/\/elite-motoculture.com\/en\/wp-json\/wp\/v2\/media\/12620"}],"wp:attachment":[{"href":"https:\/\/elite-motoculture.com\/en\/wp-json\/wp\/v2\/media?parent=13572"}],"wp:term":[{"taxonomy":"product_brand","embeddable":true,"href":"https:\/\/elite-motoculture.com\/en\/wp-json\/wp\/v2\/product_brand?post=13572"},{"taxonomy":"product_cat","embeddable":true,"href":"https:\/\/elite-motoculture.com\/en\/wp-json\/wp\/v2\/product_cat?post=13572"},{"taxonomy":"product_tag","embeddable":true,"href":"https:\/\/elite-motoculture.com\/en\/wp-json\/wp\/v2\/product_tag?post=13572"}],"curies":[{"name":"wp","href":"https:\/\/api.w.org\/{rel}","templated":true}]}}