{"id":13574,"date":"2026-02-14T13:40:46","date_gmt":"2026-02-14T13:40:46","guid":{"rendered":"https:\/\/elite-motoculture.com\/?post_type=product&#038;p=13574"},"modified":"2026-02-14T13:40:51","modified_gmt":"2026-02-14T13:40:51","slug":"four-catalyse-airlux-afscw-21-whn","status":"publish","type":"product","link":"https:\/\/elite-motoculture.com\/en\/product\/four-catalyse-airlux-afscw-21-whn\/","title":{"rendered":"Four catalyse AIRLUX AFSCW 21 WHN"},"content":{"rendered":"<div class=\"elementor-element elementor-element-1caffc0 elementor-widget elementor-widget-wd_title\" data-id=\"1caffc0\" data-element_type=\"widget\" data-widget_type=\"wd_title.default\">\n<div class=\"elementor-widget-container\">\n<div class=\"title-wrapper set-mb-s reset-last-child wd-title-color-default wd-title-style-default wd-title-size-default text-left\">\n<div class=\"liner-continer\">\n<h4 class=\"woodmart-title-container title wd-fontsize-l\">Description<\/h4>\n<\/div>\n<\/div>\n<\/div>\n<\/div>\n<div class=\"elementor-element elementor-element-e24b901 wd-single-content elementor-widget elementor-widget-wd_single_product_content\" data-id=\"e24b901\" data-element_type=\"widget\" data-widget_type=\"wd_single_product_content.default\">\n<div class=\"elementor-widget-container\">\n<table class=\"characteristics-table\">\n<tbody>\n<tr>\n<td class=\"characteristics-title\" colspan=\"2\">NORMES EUROPEENNES<\/td>\n<\/tr>\n<tr>\n<td class=\"characteristics-label\">Indice d\u2019efficacit\u00e9 \u00e9nerg\u00e9tique (EEI cavit\u00e9 enti\u00e8re)<\/td>\n<td class=\"characteristics-value\">Non communiqu\u00e9 par le fabricant<\/td>\n<\/tr>\n<tr>\n<td class=\"characteristics-label\">Classe d\u2019efficacit\u00e9 \u00e9nerg\u00e9tique cavit\u00e9 enti\u00e8re<\/td>\n<td class=\"characteristics-value\">A<\/td>\n<\/tr>\n<tr>\n<td class=\"characteristics-label\">Consommation d\u2019\u00e9nergie cavit\u00e9 enti\u00e8re en mode conventionnel (kWh\/cycle)<\/td>\n<td class=\"characteristics-value\">1.59<\/td>\n<\/tr>\n<tr>\n<td class=\"characteristics-label\">Consommation d\u2019\u00e9nergie cavit\u00e9 enti\u00e8re en mode chaleur tournante (kWh\/cycle)<\/td>\n<td class=\"characteristics-value\">1.77<\/td>\n<\/tr>\n<tr>\n<td class=\"characteristics-label\">Nombre de cavit\u00e9s<\/td>\n<td class=\"characteristics-value\">1<\/td>\n<\/tr>\n<tr>\n<td class=\"characteristics-label\">Source de chaleur par cavit\u00e9<\/td>\n<td class=\"characteristics-value\">Gaz<\/td>\n<\/tr>\n<tr>\n<td class=\"characteristics-label\">Volume cavit\u00e9 enti\u00e8re (L)<\/td>\n<td class=\"characteristics-value\">60<\/td>\n<\/tr>\n<tr>\n<td class=\"characteristics-title\" colspan=\"2\">GENERAL<\/td>\n<\/tr>\n<tr>\n<td class=\"characteristics-label\">Type<\/td>\n<td class=\"characteristics-value\">FOUR CATALYSE<\/td>\n<\/tr>\n<tr>\n<td class=\"characteristics-label\">Mode de cuisson<\/td>\n<td class=\"characteristics-value\">Multifonction<\/td>\n<\/tr>\n<tr>\n<td class=\"characteristics-label\">Nettoyage<\/td>\n<td class=\"characteristics-value\">Catalyse<\/td>\n<\/tr>\n<tr>\n<td class=\"characteristics-label\">Programmateur<\/td>\n<td class=\"characteristics-value\">Oui<\/td>\n<\/tr>\n<tr>\n<td class=\"characteristics-label\">Type de programmateur<\/td>\n<td class=\"characteristics-value\">Minuteur 60 min.<\/td>\n<\/tr>\n<tr>\n<td class=\"characteristics-label\">Connect\u00e9<\/td>\n<td class=\"characteristics-value\">Non<\/td>\n<\/tr>\n<tr>\n<td class=\"characteristics-label\">Puissance totale (W)<\/td>\n<td class=\"characteristics-value\">N\/C<\/td>\n<\/tr>\n<tr>\n<td class=\"characteristics-label\">Le(s) plus produit(s)<\/td>\n<td class=\"characteristics-value\">Allumage 1 main<\/td>\n<\/tr>\n<tr>\n<td class=\"characteristics-label\">Couleur<\/td>\n<td class=\"characteristics-value\">Blanc<\/td>\n<\/tr>\n<tr>\n<td class=\"characteristics-title\" colspan=\"2\">CUISSON<\/td>\n<\/tr>\n<tr>\n<td class=\"characteristics-label\">Nbre de modes de cuisson<\/td>\n<td class=\"characteristics-value\">4<\/td>\n<\/tr>\n<tr>\n<td class=\"characteristics-label\">Niveaux de cuisson<\/td>\n<td class=\"characteristics-value\">5<\/td>\n<\/tr>\n<tr>\n<td class=\"characteristics-label\">Gril<\/td>\n<td class=\"characteristics-value\">Oui<\/td>\n<\/tr>\n<tr>\n<td class=\"characteristics-label\">Tournebroche<\/td>\n<td class=\"characteristics-value\">Oui<\/td>\n<\/tr>\n<tr>\n<td class=\"characteristics-label\">Cuisson vapeur<\/td>\n<td class=\"characteristics-value\">Non<\/td>\n<\/tr>\n<tr>\n<td class=\"characteristics-label\">Autre(s) mode(s) de cuisson<\/td>\n<td class=\"characteristics-value\">Ventil\u00e9<\/td>\n<\/tr>\n<tr>\n<td class=\"characteristics-title\" colspan=\"2\">EQUIPEMENTS<\/td>\n<\/tr>\n<tr>\n<td class=\"characteristics-label\">Ouverture de la porte<\/td>\n<td class=\"characteristics-value\">Porte abattante<\/td>\n<\/tr>\n<tr>\n<td class=\"characteristics-label\">Porte froide<\/td>\n<td class=\"characteristics-value\">Non<\/td>\n<\/tr>\n<tr>\n<td class=\"characteristics-label\">Contre porte plein verre<\/td>\n<td class=\"characteristics-value\">Oui<\/td>\n<\/tr>\n<tr>\n<td class=\"characteristics-label\">Nbre de vitre(s)<\/td>\n<td class=\"characteristics-value\">2<\/td>\n<\/tr>\n<tr>\n<td class=\"characteristics-label\">Eclairage int\u00e9rieur<\/td>\n<td class=\"characteristics-value\">Oui<\/td>\n<\/tr>\n<tr>\n<td class=\"characteristics-label\">Sonde \u00e0 viande<\/td>\n<td class=\"characteristics-value\">Non<\/td>\n<\/tr>\n<tr>\n<td class=\"characteristics-label\">L\u00e8chefrite<\/td>\n<td class=\"characteristics-value\">Oui<\/td>\n<\/tr>\n<tr>\n<td class=\"characteristics-label\">Accessoire(s) inclus<\/td>\n<td class=\"characteristics-value\">Tournebroche, L\u00e8chefrite \u00e9maill\u00e9e, Grille<\/td>\n<\/tr>\n<tr>\n<td class=\"characteristics-title\" colspan=\"2\">ECRAN &amp; AFFICHAGE<\/td>\n<\/tr>\n<tr>\n<td class=\"characteristics-label\">Ecran<\/td>\n<td class=\"characteristics-value\">Non<\/td>\n<\/tr>\n<tr>\n<td class=\"characteristics-label\">Horloge<\/td>\n<td class=\"characteristics-value\">Non<\/td>\n<\/tr>\n<tr>\n<td class=\"characteristics-title\" colspan=\"2\">SECURITES<\/td>\n<\/tr>\n<tr>\n<td class=\"characteristics-label\">Ventilateur de refroidissement<\/td>\n<td class=\"characteristics-value\">Oui<\/td>\n<\/tr>\n<tr>\n<td class=\"characteristics-label\">Autre(s) s\u00e9curit\u00e9(s)<\/td>\n<td class=\"characteristics-value\">S\u00e9curit\u00e9 gaz par thermocouples, T\u00e9moin de chaleur r\u00e9siduelle<\/td>\n<\/tr>\n<tr>\n<td class=\"characteristics-title\" colspan=\"2\">DIMENSIONS &amp; POIDS<\/td>\n<\/tr>\n<tr>\n<td class=\"characteristics-label\">Dim. H x L x P (cm)<\/td>\n<td class=\"characteristics-value\">59.2 x 59.8 x 57<\/td>\n<\/tr>\n<tr>\n<td class=\"characteristics-label\">Dim. encastrement H x L x P (cm)<\/td>\n<td class=\"characteristics-value\">58.3-58.5 x 55.4-56.4 x 55<\/td>\n<\/tr>\n<tr>\n<td class=\"characteristics-label\">Poids (kg)<\/td>\n<td class=\"characteristics-value\">34<\/td>\n<\/tr>\n<tr>\n<td class=\"characteristics-title\" colspan=\"2\">PIECES DETACHEES ET REPARABILITES<\/td>\n<\/tr>\n<tr>\n<td class=\"characteristics-label\">Date d\u2019effet<\/td>\n<td class=\"characteristics-value\">Achat du consommateur.<\/td>\n<\/tr>\n<tr>\n<td class=\"characteristics-label\">Disponibilit\u00e9 pi\u00e8ces d\u00e9tach\u00e9es (an)<\/td>\n<td class=\"characteristics-value\">005<\/td>\n<\/tr>\n<\/tbody>\n<\/table>\n<section class=\"product-pdf d-flex justify-content-center\"><\/section>\n<\/div>\n<\/div>","protected":false},"excerpt":{"rendered":"<p>Description NORMES EUROPEENNES Indice d\u2019efficacit\u00e9 \u00e9nerg\u00e9tique (EEI cavit\u00e9 enti\u00e8re) Non communiqu\u00e9 par le fabricant Classe d\u2019efficacit\u00e9 \u00e9nerg\u00e9tique cavit\u00e9 enti\u00e8re A<\/p>","protected":false},"featured_media":12622,"comment_status":"open","ping_status":"closed","template":"","meta":[],"product_brand":[],"product_cat":[162],"product_tag":[],"class_list":{"0":"post-13574","1":"product","2":"type-product","3":"status-publish","4":"has-post-thumbnail","6":"product_cat-four-catalyse","8":"first","9":"instock","10":"shipping-taxable","11":"purchasable","12":"product-type-simple"},"_links":{"self":[{"href":"https:\/\/elite-motoculture.com\/en\/wp-json\/wp\/v2\/product\/13574","targetHints":{"allow":["GET"]}}],"collection":[{"href":"https:\/\/elite-motoculture.com\/en\/wp-json\/wp\/v2\/product"}],"about":[{"href":"https:\/\/elite-motoculture.com\/en\/wp-json\/wp\/v2\/types\/product"}],"replies":[{"embeddable":true,"href":"https:\/\/elite-motoculture.com\/en\/wp-json\/wp\/v2\/comments?post=13574"}],"wp:featuredmedia":[{"embeddable":true,"href":"https:\/\/elite-motoculture.com\/en\/wp-json\/wp\/v2\/media\/12622"}],"wp:attachment":[{"href":"https:\/\/elite-motoculture.com\/en\/wp-json\/wp\/v2\/media?parent=13574"}],"wp:term":[{"taxonomy":"product_brand","embeddable":true,"href":"https:\/\/elite-motoculture.com\/en\/wp-json\/wp\/v2\/product_brand?post=13574"},{"taxonomy":"product_cat","embeddable":true,"href":"https:\/\/elite-motoculture.com\/en\/wp-json\/wp\/v2\/product_cat?post=13574"},{"taxonomy":"product_tag","embeddable":true,"href":"https:\/\/elite-motoculture.com\/en\/wp-json\/wp\/v2\/product_tag?post=13574"}],"curies":[{"name":"wp","href":"https:\/\/api.w.org\/{rel}","templated":true}]}}