{"id":13581,"date":"2026-02-14T13:40:54","date_gmt":"2026-02-14T13:40:54","guid":{"rendered":"https:\/\/elite-motoculture.com\/?post_type=product&#038;p=13581"},"modified":"2026-02-14T13:40:55","modified_gmt":"2026-02-14T13:40:55","slug":"friteuse-kitchen-chef-kcfr4l","status":"publish","type":"product","link":"https:\/\/elite-motoculture.com\/en\/product\/friteuse-kitchen-chef-kcfr4l\/","title":{"rendered":"Friteuse KITCHEN CHEF KCFR4L"},"content":{"rendered":"<div class=\"elementor-element elementor-element-1caffc0 elementor-widget elementor-widget-wd_title\" data-id=\"1caffc0\" data-element_type=\"widget\" data-widget_type=\"wd_title.default\">\n<div class=\"elementor-widget-container\">\n<div class=\"title-wrapper set-mb-s reset-last-child wd-title-color-default wd-title-style-default wd-title-size-default text-left\">\n<div class=\"liner-continer\">\n<h4 class=\"woodmart-title-container title wd-fontsize-l\">Description<\/h4>\n<\/div>\n<\/div>\n<\/div>\n<\/div>\n<div class=\"elementor-element elementor-element-e24b901 wd-single-content elementor-widget elementor-widget-wd_single_product_content\" data-id=\"e24b901\" data-element_type=\"widget\" data-widget_type=\"wd_single_product_content.default\">\n<div class=\"elementor-widget-container\">\n<table class=\"characteristics-table\">\n<tbody>\n<tr>\n<td class=\"characteristics-title\" colspan=\"2\">GENERAL<\/td>\n<\/tr>\n<tr>\n<td class=\"characteristics-label\">Type<\/td>\n<td class=\"characteristics-value\">Friteuse<\/td>\n<\/tr>\n<tr>\n<td class=\"characteristics-label\">Puissance (W)<\/td>\n<td class=\"characteristics-value\">3200<\/td>\n<\/tr>\n<tr>\n<td class=\"characteristics-label\">Capacit\u00e9 frites (kg)<\/td>\n<td class=\"characteristics-value\">N\/C<\/td>\n<\/tr>\n<tr>\n<td class=\"characteristics-label\">Capacit\u00e9 huile (L)<\/td>\n<td class=\"characteristics-value\">N\/C<\/td>\n<\/tr>\n<tr>\n<td class=\"characteristics-label\">Nbre de personne(s)<\/td>\n<td class=\"characteristics-value\">N\/C<\/td>\n<\/tr>\n<tr>\n<td class=\"characteristics-label\">Forme<\/td>\n<td class=\"characteristics-value\">Rectangulaire<\/td>\n<\/tr>\n<tr>\n<td class=\"characteristics-label\">Thermostat r\u00e9glable<\/td>\n<td class=\"characteristics-value\">Oui<\/td>\n<\/tr>\n<tr>\n<td class=\"characteristics-label\">Temp\u00e9ratures (\u00b0)<\/td>\n<td class=\"characteristics-value\">0 \u00e0 190<\/td>\n<\/tr>\n<tr>\n<td class=\"characteristics-label\">Minuteur<\/td>\n<td class=\"characteristics-value\">Oui<\/td>\n<\/tr>\n<tr>\n<td class=\"characteristics-label\">Zone froide<\/td>\n<td class=\"characteristics-value\">Oui<\/td>\n<\/tr>\n<tr>\n<td class=\"characteristics-label\">Lavable lave-vaisselle<\/td>\n<td class=\"characteristics-value\">Bac \u00e0 huile<\/td>\n<\/tr>\n<tr>\n<td class=\"characteristics-label\">Divers<\/td>\n<td class=\"characteristics-value\">Friteuse type pro<\/td>\n<\/tr>\n<tr>\n<td class=\"characteristics-label\">Couleur<\/td>\n<td class=\"characteristics-value\">Inox<\/td>\n<\/tr>\n<tr>\n<td class=\"characteristics-title\" colspan=\"2\">EQUIPEMENTS<\/td>\n<\/tr>\n<tr>\n<td class=\"characteristics-label\">Ecran<\/td>\n<td class=\"characteristics-value\">Non<\/td>\n<\/tr>\n<tr>\n<td class=\"characteristics-label\">Mati\u00e8re corps appareil<\/td>\n<td class=\"characteristics-value\">Inox<\/td>\n<\/tr>\n<tr>\n<td class=\"characteristics-label\">Cuve<\/td>\n<td class=\"characteristics-value\">Inox<\/td>\n<\/tr>\n<tr>\n<td class=\"characteristics-label\">Bac \u00e0 huile amovible<\/td>\n<td class=\"characteristics-value\">Oui<\/td>\n<\/tr>\n<tr>\n<td class=\"characteristics-label\">Autre(s)<\/td>\n<td class=\"characteristics-value\">Poign\u00e9es de transport<\/td>\n<\/tr>\n<tr>\n<td class=\"characteristics-title\" colspan=\"2\">SECURITES<\/td>\n<\/tr>\n<tr>\n<td class=\"characteristics-label\">S\u00e9curit\u00e9(s)<\/td>\n<td class=\"characteristics-value\">Thermostat \u00e0 bulbe inox double s\u00e9curit\u00e9 en cas de surchauffe ou d\u2019insuffisance d\u2019huile, Voyant de contr\u00f4le<\/td>\n<\/tr>\n<tr>\n<td class=\"characteristics-title\" colspan=\"2\">ACCESSOIRES<\/td>\n<\/tr>\n<tr>\n<td class=\"characteristics-label\">Accessoire(s) inclus<\/td>\n<td class=\"characteristics-value\">Panier avec poign\u00e9e amovible, Couvercle inox<\/td>\n<\/tr>\n<tr>\n<td class=\"characteristics-title\" colspan=\"2\">DIMENSIONS &amp; POIDS<\/td>\n<\/tr>\n<tr>\n<td class=\"characteristics-label\">Dimensions (cm)<\/td>\n<td class=\"characteristics-value\">28 x 21 x 41<\/td>\n<\/tr>\n<tr>\n<td class=\"characteristics-label\">Poids (kg)<\/td>\n<td class=\"characteristics-value\">5.5<\/td>\n<\/tr>\n<tr>\n<td class=\"characteristics-title\" colspan=\"2\">PIECES DETACHEES ET REPARABILITES<\/td>\n<\/tr>\n<tr>\n<td class=\"characteristics-label\">Disponibilit\u00e9 pi\u00e8ces d\u00e9tach\u00e9es (an)<\/td>\n<td class=\"characteristics-value\">005<\/td>\n<\/tr>\n<tr>\n<td class=\"characteristics-label\">Date d\u2019effet<\/td>\n<td class=\"characteristics-value\">date de fabrication (N de s\u00e9rie )<\/td>\n<\/tr>\n<\/tbody>\n<\/table>\n<\/div>\n<\/div>","protected":false},"excerpt":{"rendered":"<p>Description GENERAL Type Friteuse Puissance (W) 3200 Capacit\u00e9 frites (kg) N\/C Capacit\u00e9 huile (L) N\/C Nbre de personne(s) N\/C Forme<\/p>","protected":false},"featured_media":12659,"comment_status":"open","ping_status":"closed","template":"","meta":[],"product_brand":[],"product_cat":[164],"product_tag":[],"class_list":{"0":"post-13581","1":"product","2":"type-product","3":"status-publish","4":"has-post-thumbnail","6":"product_cat-friteuse","8":"first","9":"instock","10":"shipping-taxable","11":"purchasable","12":"product-type-simple"},"_links":{"self":[{"href":"https:\/\/elite-motoculture.com\/en\/wp-json\/wp\/v2\/product\/13581","targetHints":{"allow":["GET"]}}],"collection":[{"href":"https:\/\/elite-motoculture.com\/en\/wp-json\/wp\/v2\/product"}],"about":[{"href":"https:\/\/elite-motoculture.com\/en\/wp-json\/wp\/v2\/types\/product"}],"replies":[{"embeddable":true,"href":"https:\/\/elite-motoculture.com\/en\/wp-json\/wp\/v2\/comments?post=13581"}],"wp:featuredmedia":[{"embeddable":true,"href":"https:\/\/elite-motoculture.com\/en\/wp-json\/wp\/v2\/media\/12659"}],"wp:attachment":[{"href":"https:\/\/elite-motoculture.com\/en\/wp-json\/wp\/v2\/media?parent=13581"}],"wp:term":[{"taxonomy":"product_brand","embeddable":true,"href":"https:\/\/elite-motoculture.com\/en\/wp-json\/wp\/v2\/product_brand?post=13581"},{"taxonomy":"product_cat","embeddable":true,"href":"https:\/\/elite-motoculture.com\/en\/wp-json\/wp\/v2\/product_cat?post=13581"},{"taxonomy":"product_tag","embeddable":true,"href":"https:\/\/elite-motoculture.com\/en\/wp-json\/wp\/v2\/product_tag?post=13581"}],"curies":[{"name":"wp","href":"https:\/\/api.w.org\/{rel}","templated":true}]}}