{"id":13584,"date":"2026-02-14T13:40:54","date_gmt":"2026-02-14T13:40:54","guid":{"rendered":"https:\/\/elite-motoculture.com\/?post_type=product&#038;p=13584"},"modified":"2026-02-14T13:40:56","modified_gmt":"2026-02-14T13:40:56","slug":"four-hydrolyse-ecoclean-siemens-hb-553-aer-0","status":"publish","type":"product","link":"https:\/\/elite-motoculture.com\/en\/product\/four-hydrolyse-ecoclean-siemens-hb-553-aer-0\/","title":{"rendered":"Four hydrolyse \u2013 ecoclean SIEMENS HB 553 AER 0"},"content":{"rendered":"<div class=\"elementor-element elementor-element-1caffc0 elementor-widget elementor-widget-wd_title\" data-id=\"1caffc0\" data-element_type=\"widget\" data-widget_type=\"wd_title.default\">\n<div class=\"elementor-widget-container\">\n<div class=\"title-wrapper set-mb-s reset-last-child wd-title-color-default wd-title-style-default wd-title-size-default text-left\">\n<div class=\"liner-continer\">\n<h4 class=\"woodmart-title-container title wd-fontsize-l\">Description<\/h4>\n<\/div>\n<\/div>\n<\/div>\n<\/div>\n<div class=\"elementor-element elementor-element-e24b901 wd-single-content elementor-widget elementor-widget-wd_single_product_content\" data-id=\"e24b901\" data-element_type=\"widget\" data-widget_type=\"wd_single_product_content.default\">\n<div class=\"elementor-widget-container\">\n<table class=\"characteristics-table\">\n<tbody>\n<tr>\n<td class=\"characteristics-title\" colspan=\"2\">NORMES EUROPEENNES<\/td>\n<\/tr>\n<tr>\n<td class=\"characteristics-label\">Indice d\u2019efficacit\u00e9 \u00e9nerg\u00e9tique (EEI cavit\u00e9 enti\u00e8re)<\/td>\n<td class=\"characteristics-value\">95.3<\/td>\n<\/tr>\n<tr>\n<td class=\"characteristics-label\">Classe d\u2019efficacit\u00e9 \u00e9nerg\u00e9tique cavit\u00e9 enti\u00e8re<\/td>\n<td class=\"characteristics-value\">A<\/td>\n<\/tr>\n<tr>\n<td class=\"characteristics-label\">Consommation d\u2019\u00e9nergie cavit\u00e9 enti\u00e8re en mode conventionnel (kWh\/cycle)<\/td>\n<td class=\"characteristics-value\">0.97<\/td>\n<\/tr>\n<tr>\n<td class=\"characteristics-label\">Consommation d\u2019\u00e9nergie cavit\u00e9 enti\u00e8re en mode chaleur tournante (kWh\/cycle)<\/td>\n<td class=\"characteristics-value\">0.81<\/td>\n<\/tr>\n<tr>\n<td class=\"characteristics-label\">Nombre de cavit\u00e9s<\/td>\n<td class=\"characteristics-value\">1<\/td>\n<\/tr>\n<tr>\n<td class=\"characteristics-label\">Source de chaleur par cavit\u00e9<\/td>\n<td class=\"characteristics-value\">Electrique<\/td>\n<\/tr>\n<tr>\n<td class=\"characteristics-label\">Volume cavit\u00e9 enti\u00e8re (L)<\/td>\n<td class=\"characteristics-value\">71<\/td>\n<\/tr>\n<tr>\n<td class=\"characteristics-title\" colspan=\"2\">GENERAL<\/td>\n<\/tr>\n<tr>\n<td class=\"characteristics-label\">Type<\/td>\n<td class=\"characteristics-value\">FOUR HYDROLYSE \u2013 ECOCLEAN<\/td>\n<\/tr>\n<tr>\n<td class=\"characteristics-label\">Mode de cuisson<\/td>\n<td class=\"characteristics-value\">Multifonction<\/td>\n<\/tr>\n<tr>\n<td class=\"characteristics-label\">Nettoyage<\/td>\n<td class=\"characteristics-value\">EcoClean<\/td>\n<\/tr>\n<tr>\n<td class=\"characteristics-label\">Programmateur<\/td>\n<td class=\"characteristics-value\">Oui<\/td>\n<\/tr>\n<tr>\n<td class=\"characteristics-label\">Connect\u00e9<\/td>\n<td class=\"characteristics-value\">Non<\/td>\n<\/tr>\n<tr>\n<td class=\"characteristics-label\">Puissance totale (W)<\/td>\n<td class=\"characteristics-value\">3 600<\/td>\n<\/tr>\n<tr>\n<td class=\"characteristics-label\">Temp\u00e9rature maxi (\u00b0C)<\/td>\n<td class=\"characteristics-value\">275<\/td>\n<\/tr>\n<tr>\n<td class=\"characteristics-label\">Couleur<\/td>\n<td class=\"characteristics-value\">Inox<\/td>\n<\/tr>\n<tr>\n<td class=\"characteristics-label\">Couleur(s) secondaire(s)<\/td>\n<td class=\"characteristics-value\">Noir<\/td>\n<\/tr>\n<tr>\n<td class=\"characteristics-title\" colspan=\"2\">CUISSON<\/td>\n<\/tr>\n<tr>\n<td class=\"characteristics-label\">Nbre de modes de cuisson<\/td>\n<td class=\"characteristics-value\">5<\/td>\n<\/tr>\n<tr>\n<td class=\"characteristics-label\">Convection naturelle<\/td>\n<td class=\"characteristics-value\">Oui<\/td>\n<\/tr>\n<tr>\n<td class=\"characteristics-label\">Chaleur tournante<\/td>\n<td class=\"characteristics-value\">Oui<\/td>\n<\/tr>\n<tr>\n<td class=\"characteristics-label\">Chaleur puls\u00e9e<\/td>\n<td class=\"characteristics-value\">Oui<\/td>\n<\/tr>\n<tr>\n<td class=\"characteristics-label\">Gril<\/td>\n<td class=\"characteristics-value\">Oui<\/td>\n<\/tr>\n<tr>\n<td class=\"characteristics-label\">Type de gril<\/td>\n<td class=\"characteristics-value\">Air puls\u00e9, Grande surface<\/td>\n<\/tr>\n<tr>\n<td class=\"characteristics-label\">Tournebroche<\/td>\n<td class=\"characteristics-value\">Non<\/td>\n<\/tr>\n<tr>\n<td class=\"characteristics-label\">Cuisson vapeur<\/td>\n<td class=\"characteristics-value\">Non<\/td>\n<\/tr>\n<tr>\n<td class=\"characteristics-label\">Autre(s) mode(s) de cuisson<\/td>\n<td class=\"characteristics-value\">HotAir doux<\/td>\n<\/tr>\n<tr>\n<td class=\"characteristics-title\" colspan=\"2\">FONCTIONS<\/td>\n<\/tr>\n<tr>\n<td class=\"characteristics-label\">Pr\u00e9chauffage rapide<\/td>\n<td class=\"characteristics-value\">Oui<\/td>\n<\/tr>\n<tr>\n<td class=\"characteristics-title\" colspan=\"2\">EQUIPEMENTS<\/td>\n<\/tr>\n<tr>\n<td class=\"characteristics-label\">Ouverture de la porte<\/td>\n<td class=\"characteristics-value\">Porte abattante<\/td>\n<\/tr>\n<tr>\n<td class=\"characteristics-label\">Porte froide<\/td>\n<td class=\"characteristics-value\">Non<\/td>\n<\/tr>\n<tr>\n<td class=\"characteristics-label\">Contre porte plein verre<\/td>\n<td class=\"characteristics-value\">Oui<\/td>\n<\/tr>\n<tr>\n<td class=\"characteristics-label\">Type d\u2019\u00e9clairage<\/td>\n<td class=\"characteristics-value\">Halog\u00e8ne<\/td>\n<\/tr>\n<tr>\n<td class=\"characteristics-label\">Sonde \u00e0 viande<\/td>\n<td class=\"characteristics-value\">Non<\/td>\n<\/tr>\n<tr>\n<td class=\"characteristics-label\">L\u00e8chefrite<\/td>\n<td class=\"characteristics-value\">Oui<\/td>\n<\/tr>\n<tr>\n<td class=\"characteristics-label\">Accessoire(s) inclus<\/td>\n<td class=\"characteristics-value\">Grille, L\u00e8chefrite<\/td>\n<\/tr>\n<tr>\n<td class=\"characteristics-title\" colspan=\"2\">ECRAN &amp; AFFICHAGE<\/td>\n<\/tr>\n<tr>\n<td class=\"characteristics-label\">Ecran<\/td>\n<td class=\"characteristics-value\">Oui<\/td>\n<\/tr>\n<tr>\n<td class=\"characteristics-label\">Type d\u2019affichage<\/td>\n<td class=\"characteristics-value\">LED<\/td>\n<\/tr>\n<tr>\n<td class=\"characteristics-label\">Horloge<\/td>\n<td class=\"characteristics-value\">Oui<\/td>\n<\/tr>\n<tr>\n<td class=\"characteristics-title\" colspan=\"2\">SECURITES<\/td>\n<\/tr>\n<tr>\n<td class=\"characteristics-label\">Ventilateur de refroidissement<\/td>\n<td class=\"characteristics-value\">Oui<\/td>\n<\/tr>\n<tr>\n<td class=\"characteristics-label\">S\u00e9curit\u00e9 enfants<\/td>\n<td class=\"characteristics-value\">Oui<\/td>\n<\/tr>\n<tr>\n<td class=\"characteristics-title\" colspan=\"2\">DIMENSIONS &amp; POIDS<\/td>\n<\/tr>\n<tr>\n<td class=\"characteristics-label\">Dim. H x L x P (cm)<\/td>\n<td class=\"characteristics-value\">59.5 x 59.4 x 54.8<\/td>\n<\/tr>\n<tr>\n<td class=\"characteristics-label\">Dim. encastrement H x L x P (cm)<\/td>\n<td class=\"characteristics-value\">58.5 x 56 x 55<\/td>\n<\/tr>\n<tr>\n<td class=\"characteristics-label\">Poids (kg)<\/td>\n<td class=\"characteristics-value\">33<\/td>\n<\/tr>\n<tr>\n<td class=\"characteristics-title\" colspan=\"2\">PIECES DETACHEES ET REPARABILITES<\/td>\n<\/tr>\n<tr>\n<td class=\"characteristics-label\">Date d\u2019effet<\/td>\n<td class=\"characteristics-value\">Fabrication.<\/td>\n<\/tr>\n<tr>\n<td class=\"characteristics-label\">Disponibilit\u00e9 pi\u00e8ces d\u00e9tach\u00e9es (an)<\/td>\n<td class=\"characteristics-value\">011<\/td>\n<\/tr>\n<\/tbody>\n<\/table>\n<\/div>\n<\/div>","protected":false},"excerpt":{"rendered":"<p>Description NORMES EUROPEENNES Indice d\u2019efficacit\u00e9 \u00e9nerg\u00e9tique (EEI cavit\u00e9 enti\u00e8re) 95.3 Classe d\u2019efficacit\u00e9 \u00e9nerg\u00e9tique cavit\u00e9 enti\u00e8re A Consommation d\u2019\u00e9nergie cavit\u00e9 enti\u00e8re<\/p>","protected":false},"featured_media":12662,"comment_status":"open","ping_status":"closed","template":"","meta":[],"product_brand":[],"product_cat":[165],"product_tag":[],"class_list":{"0":"post-13584","1":"product","2":"type-product","3":"status-publish","4":"has-post-thumbnail","6":"product_cat-four-hydrolyse-ecoclean","8":"first","9":"instock","10":"shipping-taxable","11":"purchasable","12":"product-type-simple"},"_links":{"self":[{"href":"https:\/\/elite-motoculture.com\/en\/wp-json\/wp\/v2\/product\/13584","targetHints":{"allow":["GET"]}}],"collection":[{"href":"https:\/\/elite-motoculture.com\/en\/wp-json\/wp\/v2\/product"}],"about":[{"href":"https:\/\/elite-motoculture.com\/en\/wp-json\/wp\/v2\/types\/product"}],"replies":[{"embeddable":true,"href":"https:\/\/elite-motoculture.com\/en\/wp-json\/wp\/v2\/comments?post=13584"}],"wp:featuredmedia":[{"embeddable":true,"href":"https:\/\/elite-motoculture.com\/en\/wp-json\/wp\/v2\/media\/12662"}],"wp:attachment":[{"href":"https:\/\/elite-motoculture.com\/en\/wp-json\/wp\/v2\/media?parent=13584"}],"wp:term":[{"taxonomy":"product_brand","embeddable":true,"href":"https:\/\/elite-motoculture.com\/en\/wp-json\/wp\/v2\/product_brand?post=13584"},{"taxonomy":"product_cat","embeddable":true,"href":"https:\/\/elite-motoculture.com\/en\/wp-json\/wp\/v2\/product_cat?post=13584"},{"taxonomy":"product_tag","embeddable":true,"href":"https:\/\/elite-motoculture.com\/en\/wp-json\/wp\/v2\/product_tag?post=13584"}],"curies":[{"name":"wp","href":"https:\/\/api.w.org\/{rel}","templated":true}]}}