{"id":13640,"date":"2026-02-14T13:41:10","date_gmt":"2026-02-14T13:41:10","guid":{"rendered":"https:\/\/elite-motoculture.com\/?post_type=product&#038;p=13640"},"modified":"2026-02-14T13:41:12","modified_gmt":"2026-02-14T13:41:12","slug":"lave-linge-frontal-samsung-wf18t8000gv","status":"publish","type":"product","link":"https:\/\/elite-motoculture.com\/en\/product\/lave-linge-frontal-samsung-wf18t8000gv\/","title":{"rendered":"Lave-linge frontal SAMSUNG WF18T8000GV"},"content":{"rendered":"<div class=\"elementor-element elementor-element-1caffc0 elementor-widget elementor-widget-wd_title\" data-id=\"1caffc0\" data-element_type=\"widget\" data-widget_type=\"wd_title.default\">\n<div class=\"elementor-widget-container\">\n<div class=\"title-wrapper set-mb-s reset-last-child wd-title-color-default wd-title-style-default wd-title-size-default text-left\">\n<div class=\"liner-continer\">\n<h4 class=\"woodmart-title-container title wd-fontsize-l\">Description<\/h4>\n<\/div>\n<\/div>\n<\/div>\n<\/div>\n<div class=\"elementor-element elementor-element-e24b901 wd-single-content elementor-widget elementor-widget-wd_single_product_content\" data-id=\"e24b901\" data-element_type=\"widget\" data-widget_type=\"wd_single_product_content.default\">\n<div class=\"elementor-widget-container\">\n<table class=\"characteristics-table\">\n<tbody>\n<tr>\n<td class=\"characteristics-title\" colspan=\"2\">GENERAL<\/td>\n<\/tr>\n<tr>\n<td class=\"characteristics-label\">Type<\/td>\n<td class=\"characteristics-value\">Lave-linge frontal<\/td>\n<\/tr>\n<tr>\n<td class=\"characteristics-label\">Fonction s\u00e9chage<\/td>\n<td class=\"characteristics-value\">Non<\/td>\n<\/tr>\n<tr>\n<td class=\"characteristics-label\">Type de chargement<\/td>\n<td class=\"characteristics-value\">Frontal<\/td>\n<\/tr>\n<tr>\n<td class=\"characteristics-label\">Capacit\u00e9 de lavage<\/td>\n<td class=\"characteristics-value\">18 kg<\/td>\n<\/tr>\n<tr>\n<td class=\"characteristics-label\">Classe d\u2019efficacit\u00e9 \u00e9nerg\u00e9tique<\/td>\n<td class=\"characteristics-value\">C<\/td>\n<\/tr>\n<tr>\n<td class=\"characteristics-label\">Classe d\u2019efficacit\u00e9 de lavage<\/td>\n<td class=\"characteristics-value\">N\/C<\/td>\n<\/tr>\n<tr>\n<td class=\"characteristics-label\">Vitesse d\u2019essorage<\/td>\n<td class=\"characteristics-value\">1100 tours\/min<\/td>\n<\/tr>\n<tr>\n<td class=\"characteristics-label\">Niveau sonore lavage (dB)<\/td>\n<td class=\"characteristics-value\">N\/C<\/td>\n<\/tr>\n<tr>\n<td class=\"characteristics-label\">Niveau sonore max.(dB)<\/td>\n<td class=\"characteristics-value\">72<\/td>\n<\/tr>\n<tr>\n<td class=\"characteristics-label\">Classe d\u2019\u00e9mission de bruit (en essorage)<\/td>\n<td class=\"characteristics-value\">A<\/td>\n<\/tr>\n<tr>\n<td class=\"characteristics-label\">Conso. \u00e9nergie \/100 cycles (kWh)<\/td>\n<td class=\"characteristics-value\">76<\/td>\n<\/tr>\n<tr>\n<td class=\"characteristics-label\">Conso. eau cycle \u00a0\u00bbEco 40-60\u00a0\u00bb (L\/cycle)<\/td>\n<td class=\"characteristics-value\">70<\/td>\n<\/tr>\n<tr>\n<td class=\"characteristics-label\">Dur\u00e9e cycle \u00a0\u00bbEco 40-60\u00a0\u00bb (h:min)<\/td>\n<td class=\"characteristics-value\">4:00<\/td>\n<\/tr>\n<tr>\n<td class=\"characteristics-label\">Volume tambour (L)<\/td>\n<td class=\"characteristics-value\">140<\/td>\n<\/tr>\n<tr>\n<td class=\"characteristics-label\">Lave-linge connect\u00e9<\/td>\n<td class=\"characteristics-value\">Oui<\/td>\n<\/tr>\n<tr>\n<td class=\"characteristics-label\">Type de connectivit\u00e9<\/td>\n<td class=\"characteristics-value\">Wifi (SmartThings)<\/td>\n<\/tr>\n<tr>\n<td class=\"characteristics-label\">Technologie vapeur<\/td>\n<td class=\"characteristics-value\">Oui<\/td>\n<\/tr>\n<tr>\n<td class=\"characteristics-label\">Programmateur \u00e9lectronique<\/td>\n<td class=\"characteristics-value\">Oui<\/td>\n<\/tr>\n<tr>\n<td class=\"characteristics-label\">Le(s) plus-produit(s)<\/td>\n<td class=\"characteristics-value\">Technologie EcoBubble<\/td>\n<\/tr>\n<tr>\n<td class=\"characteristics-label\">Couleur<\/td>\n<td class=\"characteristics-value\">Noir<\/td>\n<\/tr>\n<tr>\n<td class=\"characteristics-title\" colspan=\"2\">PROGRAMMES<\/td>\n<\/tr>\n<tr>\n<td class=\"characteristics-label\">Nbre de programmes<\/td>\n<td class=\"characteristics-value\">N\/C<\/td>\n<\/tr>\n<tr>\n<td class=\"characteristics-label\">Coton<\/td>\n<td class=\"characteristics-value\">Oui<\/td>\n<\/tr>\n<tr>\n<td class=\"characteristics-label\">Synth\u00e9tiques<\/td>\n<td class=\"characteristics-value\">Oui<\/td>\n<\/tr>\n<tr>\n<td class=\"characteristics-label\">Eco 40-60\u00b0<\/td>\n<td class=\"characteristics-value\">Oui<\/td>\n<\/tr>\n<tr>\n<td class=\"characteristics-label\">D\u00e9licat<\/td>\n<td class=\"characteristics-value\">Oui<\/td>\n<\/tr>\n<tr>\n<td class=\"characteristics-label\">Laine<\/td>\n<td class=\"characteristics-value\">Oui<\/td>\n<\/tr>\n<tr>\n<td class=\"characteristics-label\">Intensif<\/td>\n<td class=\"characteristics-value\">Oui<\/td>\n<\/tr>\n<tr>\n<td class=\"characteristics-label\">Lavage \u00e0 froid<\/td>\n<td class=\"characteristics-value\">Oui<\/td>\n<\/tr>\n<tr>\n<td class=\"characteristics-label\">Programmes sp\u00e9ciaux<\/td>\n<td class=\"characteristics-value\">Couette, Express 30 min (3kg max), Couleurs (via t\u00e9l\u00e9chargement), Draps (via t\u00e9l\u00e9chargement), V\u00eatement de sport (via t\u00e9l\u00e9chargement), Serviettes (via t\u00e9l\u00e9chargement), Assainir (via vapeur), Rin\u00e7age + Essorage, Nettoyage Tambour +<\/td>\n<\/tr>\n<tr>\n<td class=\"characteristics-title\" colspan=\"2\">TOUCHES \/ OPTIONS<\/td>\n<\/tr>\n<tr>\n<td class=\"characteristics-label\">Arr\u00eat cuve pleine<\/td>\n<td class=\"characteristics-value\">Oui<\/td>\n<\/tr>\n<tr>\n<td class=\"characteristics-label\">Variation de temp\u00e9rature<\/td>\n<td class=\"characteristics-value\">Oui<\/td>\n<\/tr>\n<tr>\n<td class=\"characteristics-label\">Variation d\u2019essorage<\/td>\n<td class=\"characteristics-value\">Oui<\/td>\n<\/tr>\n<tr>\n<td class=\"characteristics-label\">Ajout de linge en cours de cycle<\/td>\n<td class=\"characteristics-value\">Oui<\/td>\n<\/tr>\n<tr>\n<td class=\"characteristics-label\">Touches sp\u00e9ciales<\/td>\n<td class=\"characteristics-value\">Anti-tache, Lavage intensif, Mes programmes t\u00e9l\u00e9charg\u00e9s<\/td>\n<\/tr>\n<tr>\n<td class=\"characteristics-title\" colspan=\"2\">ECRAN &amp; AFFICHAGE<\/td>\n<\/tr>\n<tr>\n<td class=\"characteristics-label\">Ecran<\/td>\n<td class=\"characteristics-value\">Oui<\/td>\n<\/tr>\n<tr>\n<td class=\"characteristics-label\">D\u00e9part diff\u00e9r\u00e9<\/td>\n<td class=\"characteristics-value\">Non<\/td>\n<\/tr>\n<tr>\n<td class=\"characteristics-label\">Fin diff\u00e9r\u00e9e<\/td>\n<td class=\"characteristics-value\">Oui<\/td>\n<\/tr>\n<tr>\n<td class=\"characteristics-label\">Type de fin diff\u00e9r\u00e9e<\/td>\n<td class=\"characteristics-value\">24 h<\/td>\n<\/tr>\n<tr>\n<td class=\"characteristics-label\">Affichage du temps restant<\/td>\n<td class=\"characteristics-value\">Oui<\/td>\n<\/tr>\n<tr>\n<td class=\"characteristics-title\" colspan=\"2\">EQUIPEMENTS<\/td>\n<\/tr>\n<tr>\n<td class=\"characteristics-label\">Type de moteur<\/td>\n<td class=\"characteristics-value\">Digital Inverter<\/td>\n<\/tr>\n<tr>\n<td class=\"characteristics-label\">Eclairage du tambour<\/td>\n<td class=\"characteristics-value\">Non<\/td>\n<\/tr>\n<tr>\n<td class=\"characteristics-label\">Signal sonore de fin de programme<\/td>\n<td class=\"characteristics-value\">Oui<\/td>\n<\/tr>\n<tr>\n<td class=\"characteristics-label\">Autre(s)<\/td>\n<td class=\"characteristics-value\">Syst\u00e8me anti-vibrations, Speed Spray<\/td>\n<\/tr>\n<tr>\n<td class=\"characteristics-title\" colspan=\"2\">SECURITES<\/td>\n<\/tr>\n<tr>\n<td class=\"characteristics-label\">S\u00e9curit\u00e9 enfant<\/td>\n<td class=\"characteristics-value\">Oui<\/td>\n<\/tr>\n<tr>\n<td class=\"characteristics-label\">Autre(s)<\/td>\n<td class=\"characteristics-value\">Smart Chek<\/td>\n<\/tr>\n<tr>\n<td class=\"characteristics-title\" colspan=\"2\">DIMENSIONS &amp; POIDS<\/td>\n<\/tr>\n<tr>\n<td class=\"characteristics-label\">Ouverture du hublot (\u00b0)<\/td>\n<td class=\"characteristics-value\">125<\/td>\n<\/tr>\n<tr>\n<td class=\"characteristics-label\">Hauteur (cm)<\/td>\n<td class=\"characteristics-value\">98.4<\/td>\n<\/tr>\n<tr>\n<td class=\"characteristics-label\">Largeur (cm)<\/td>\n<td class=\"characteristics-value\">68.6<\/td>\n<\/tr>\n<tr>\n<td class=\"characteristics-label\">Profondeur (cm)<\/td>\n<td class=\"characteristics-value\">79.6<\/td>\n<\/tr>\n<tr>\n<td class=\"characteristics-label\">Poids (kg)<\/td>\n<td class=\"characteristics-value\">104<\/td>\n<\/tr>\n<tr>\n<td class=\"characteristics-title\" colspan=\"2\">NORMES EUROPEENNES (Mars 2021)<\/td>\n<\/tr>\n<tr>\n<td class=\"characteristics-label\">Capacit\u00e9 nominale programme \u00ab\u00a0Eco 40-60\u00a0\u00bb (kg)<\/td>\n<td class=\"characteristics-value\">18<\/td>\n<\/tr>\n<tr>\n<td class=\"characteristics-label\">IEE<\/td>\n<td class=\"characteristics-value\">69<\/td>\n<\/tr>\n<tr>\n<td class=\"characteristics-label\">Classe d\u2019efficacit\u00e9 \u00e9nerg\u00e9tique<\/td>\n<td class=\"characteristics-value\">C<\/td>\n<\/tr>\n<tr>\n<td class=\"characteristics-label\">Indice d\u2019efficacit\u00e9 de lavage<\/td>\n<td class=\"characteristics-value\">1.031<\/td>\n<\/tr>\n<tr>\n<td class=\"characteristics-label\">Efficacit\u00e9 de rin\u00e7age (g\/kg)<\/td>\n<td class=\"characteristics-value\">5<\/td>\n<\/tr>\n<tr>\n<td class=\"characteristics-label\">Conso. d\u2019\u00e9nergie pond\u00e9r\u00e9e pour 100 cycles (kWh)<\/td>\n<td class=\"characteristics-value\">76<\/td>\n<\/tr>\n<tr>\n<td class=\"characteristics-label\">Conso. d\u2019\u00e9nergie cycle lavage \u00a0\u00bbEco 40-60\u00a0\u00bb (kWh)<\/td>\n<td class=\"characteristics-value\">0.763<\/td>\n<\/tr>\n<tr>\n<td class=\"characteristics-label\">Conso. d\u2019eau pond\u00e9r\u00e9e par cycle (litres)<\/td>\n<td class=\"characteristics-value\">70<\/td>\n<\/tr>\n<tr>\n<td class=\"characteristics-label\">Temp. max. (\u00b0C) \u00e0 l\u2019int\u00e9rieur du textile trait\u00e9 (capacit\u00e9 nominale)<\/td>\n<td class=\"characteristics-value\">45<\/td>\n<\/tr>\n<tr>\n<td class=\"characteristics-label\">Temp. max. (\u00b0C) \u00e0 l\u2019int\u00e9rieur du textile trait\u00e9 (moiti\u00e9)<\/td>\n<td class=\"characteristics-value\">41<\/td>\n<\/tr>\n<tr>\n<td class=\"characteristics-label\">Temp. max. (\u00b0C) \u00e0 l\u2019int\u00e9rieur du textile trait\u00e9 (quart)<\/td>\n<td class=\"characteristics-value\">27<\/td>\n<\/tr>\n<tr>\n<td class=\"characteristics-label\">Taux d\u2019humidit\u00e9 r\u00e9siduelle (%) capacit\u00e9 nominale<\/td>\n<td class=\"characteristics-value\">53.9<\/td>\n<\/tr>\n<tr>\n<td class=\"characteristics-label\">Vitesse d\u2019essorage (t\/min)<\/td>\n<td class=\"characteristics-value\">1100<\/td>\n<\/tr>\n<tr>\n<td class=\"characteristics-label\">Classe d\u2019efficacit\u00e9 d\u2019essorage<\/td>\n<td class=\"characteristics-value\">B<\/td>\n<\/tr>\n<tr>\n<td class=\"characteristics-label\">Dur\u00e9e du programme \u00a0\u00bbEco 40-60\u00a0\u00bb capacit\u00e9 nominale (h:min)<\/td>\n<td class=\"characteristics-value\">4:00<\/td>\n<\/tr>\n<tr>\n<td class=\"characteristics-label\">Dur\u00e9e du programme \u00a0\u00bbEco 40-60\u00a0\u00bb moiti\u00e9 (h:min)<\/td>\n<td class=\"characteristics-value\">3:00<\/td>\n<\/tr>\n<tr>\n<td class=\"characteristics-label\">Dur\u00e9e du programme \u00a0\u00bbEco 40-60\u00a0\u00bb quart (h:min)<\/td>\n<td class=\"characteristics-value\">3:00<\/td>\n<\/tr>\n<tr>\n<td class=\"characteristics-label\">Emissions de bruit acoustique dans l\u2019air (dB(A))<\/td>\n<td class=\"characteristics-value\">72<\/td>\n<\/tr>\n<tr>\n<td class=\"characteristics-label\">Classe d\u2019\u00e9mission de bruit acoustique dans l\u2019air<\/td>\n<td class=\"characteristics-value\">A<\/td>\n<\/tr>\n<tr>\n<td class=\"characteristics-label\">Mode arr\u00eat (W)<\/td>\n<td class=\"characteristics-value\">0.5<\/td>\n<\/tr>\n<tr>\n<td class=\"characteristics-label\">D\u00e9marrage diff\u00e9r\u00e9 (W)<\/td>\n<td class=\"characteristics-value\">4<\/td>\n<\/tr>\n<tr>\n<td class=\"characteristics-label\">Mode veille avec maintien de la connexion au r\u00e9seau (W)<\/td>\n<td class=\"characteristics-value\">2<\/td>\n<\/tr>\n<tr>\n<td class=\"characteristics-label\">Type de construction<\/td>\n<td class=\"characteristics-value\">Pose libre<\/td>\n<\/tr>\n<tr>\n<td class=\"characteristics-title\" colspan=\"2\">PIECES DETACHEES ET REPARABILITES<\/td>\n<\/tr>\n<tr>\n<td class=\"characteristics-label\">Date d\u2019effet<\/td>\n<td class=\"characteristics-value\">Achat du consommateur.<\/td>\n<\/tr>\n<tr>\n<td class=\"characteristics-label\">Disponibilit\u00e9 pi\u00e8ces d\u00e9tach\u00e9es (an)<\/td>\n<td class=\"characteristics-value\">010<\/td>\n<\/tr>\n<tr>\n<td class=\"characteristics-label\">Indice de r\u00e9parabilit\u00e9 (Note \/10)<\/td>\n<td class=\"characteristics-value\">8.6<\/td>\n<\/tr>\n<\/tbody>\n<\/table>\n<\/div>\n<\/div>","protected":false},"excerpt":{"rendered":"<p>Description GENERAL Type Lave-linge frontal Fonction s\u00e9chage Non Type de chargement Frontal Capacit\u00e9 de lavage 18 kg Classe d\u2019efficacit\u00e9 \u00e9nerg\u00e9tique<\/p>","protected":false},"featured_media":12778,"comment_status":"open","ping_status":"closed","template":"","meta":[],"product_brand":[],"product_cat":[169],"product_tag":[],"class_list":{"0":"post-13640","1":"product","2":"type-product","3":"status-publish","4":"has-post-thumbnail","6":"product_cat-lave-linge-hublot","8":"first","9":"instock","10":"shipping-taxable","11":"purchasable","12":"product-type-simple"},"_links":{"self":[{"href":"https:\/\/elite-motoculture.com\/en\/wp-json\/wp\/v2\/product\/13640","targetHints":{"allow":["GET"]}}],"collection":[{"href":"https:\/\/elite-motoculture.com\/en\/wp-json\/wp\/v2\/product"}],"about":[{"href":"https:\/\/elite-motoculture.com\/en\/wp-json\/wp\/v2\/types\/product"}],"replies":[{"embeddable":true,"href":"https:\/\/elite-motoculture.com\/en\/wp-json\/wp\/v2\/comments?post=13640"}],"wp:featuredmedia":[{"embeddable":true,"href":"https:\/\/elite-motoculture.com\/en\/wp-json\/wp\/v2\/media\/12778"}],"wp:attachment":[{"href":"https:\/\/elite-motoculture.com\/en\/wp-json\/wp\/v2\/media?parent=13640"}],"wp:term":[{"taxonomy":"product_brand","embeddable":true,"href":"https:\/\/elite-motoculture.com\/en\/wp-json\/wp\/v2\/product_brand?post=13640"},{"taxonomy":"product_cat","embeddable":true,"href":"https:\/\/elite-motoculture.com\/en\/wp-json\/wp\/v2\/product_cat?post=13640"},{"taxonomy":"product_tag","embeddable":true,"href":"https:\/\/elite-motoculture.com\/en\/wp-json\/wp\/v2\/product_tag?post=13640"}],"curies":[{"name":"wp","href":"https:\/\/api.w.org\/{rel}","templated":true}]}}